{"id":8642,"date":"2026-02-26T19:41:32","date_gmt":"2026-02-26T19:41:32","guid":{"rendered":"https:\/\/zola-cosmetics.com\/?post_type=product&#038;p=8642"},"modified":"2026-02-26T19:41:32","modified_gmt":"2026-02-26T19:41:32","slug":"zola-color-lab-zestaw-do-laminacji-classic-system","status":"publish","type":"product","link":"https:\/\/zola-cosmetics.com\/pl\/produkt\/zola-color-lab-zestaw-do-laminacji-classic-system\/","title":{"rendered":"ZOLA Color Lab Zestaw do laminacji Classic System"},"content":{"rendered":"<p>ZOLA Color Lab Brow &amp; Lash Lamination Classic System to profesjonalny zestaw przeznaczony do laminacji brwi i rz\u0119s. Ten uniwersalny system sprawdzi si\u0119 zar\u00f3wno w pracy z brwiami, jak i rz\u0119sami, zapewniaj\u0105c d\u0142ugotrwa\u0142\u0105 stylizacj\u0119 oraz zdyscyplinowanie w\u0142osk\u00f3w dla perfekcyjnego, estetycznego efektu. <\/p>\n<p>Zestaw zawiera dwie kluczowe formu\u0142y:<\/p>\n<ol>\n<li><strong>Lifting Pink Gel<\/strong> \u2014 otwiera \u0142uski w\u0142osa, przygotowuj\u0105c go do utrwalenia.<\/li>\n<li><strong>Volume Blue Fixer<\/strong> \u2014 utrwala nowy kszta\u0142t w\u0142osk\u00f3w oraz wzmacnia ich struktur\u0119.<\/li>\n<\/ol>\n<p>Ka\u017cda formu\u0142a posiada unikalny kolor \u2014 r\u00f3\u017cowy i niebieski \u2014 co wyra\u017anie oddziela etapy zabiegu, usprawnia prac\u0119 stylisty oraz nadaje procedurze estetyczny charakter, idealny do tworzenia stylowych tre\u015bci w mediach spo\u0142eczno\u015bciowych.<\/p>\n<p>PAO: 6 miesi\u0119cy od momentu otwarcia opakowania pierwotnego.<\/p>\n<p>Termin wa\u017cno\u015bci: 24 miesi\u0105ce.<\/p>\n<p>Bujne, l\u015bni\u0105ce rz\u0119sy i g\u0119ste brwi, wed\u0142ug wielu ekspert\u00f3w od urody &#8211; cenna bi\u017cuteria zadbanej kobiety.<br \/>\nPodkre\u015blaj\u0105 oczy i dodaj\u0105 wyrazisto\u015bci mimice twarzy.<br \/>\nPi\u0119kny wygl\u0105d mo\u017cna osi\u0105gn\u0105\u0107 za pomoc\u0105 specjalnej piel\u0119gnacji &#8211; pokrywaj\u0105c w\u0142osy specjalnym \u015brodkiem ochronnym.   Zola Color Lab Brow&amp;Lash Lamination Classic System &#8211; zestaw przeznaczony do prostej i skutecznej piel\u0119gnacji rz\u0119s i brwi.<\/p>\n<p><strong>Instrukcja korzystania z systemu laminacji ZOLA CLASSIC SYSTEM COLOR LAB Brow:<\/strong><\/p>\n<ol>\n<li>Przed zabiegiem nale\u017cy przeprowadzi\u0107 dok\u0142adn\u0105 diagnostyk\u0119 w\u0142os\u00f3w, aby dok\u0142adnie okre\u015bli\u0107 ich rodzaj i stan. U\u017cyj ZOLA BROW SHAMPOO, aby dok\u0142adnie oczy\u015bci\u0107 brwi z makija\u017cu i zanieczyszcze\u0144.<\/li>\n<li>Na\u0142o\u017cy\u0107 sk\u0142ad 1 LIFTING PINK GEL na w\u0142oski brwi, zapewniaj\u0105c r\u00f3wnomierne rozprowadzenie na ca\u0142ej powierzchni.<\/li>\n<li>Pozostawi\u0107 kompozycj\u0119 na w\u0142osach przez 6 do 13 minut, w zale\u017cno\u015bci od rodzaju w\u0142os\u00f3w i po\u017c\u0105danego rezultatu, post\u0119puj\u0105c zgodnie z zaleceniami.<\/li>\n<li>W razie potrzeby u\u017cy\u0107 plastikowej folii do przykrycia leczonego obszaru brwi, aby zwi\u0119kszy\u0107 skuteczno\u015b\u0107 kompozycji.<\/li>\n<li>Na\u0142\u00f3\u017c kompozycj\u0119 2 VOLUME BLUE FIXER na brwi, zapewniaj\u0105c r\u00f3wnomierne rozprowadzenie produktu.<\/li>\n<li>Pozostaw kompozycj\u0119 na 7-8 minut, ostro\u017cnie uk\u0142adaj\u0105c w\u0142osy w po\u017c\u0105danym kierunku.<\/li>\n<li>Usun\u0105\u0107 wszelkie pozosta\u0142o\u015bci kompozycji za pomoc\u0105 wacika zwil\u017conego wod\u0105 lub tonerem.<\/li>\n<li>Po zako\u0144czeniu zabiegu zaleca si\u0119 farbowanie brwi przy u\u017cyciu barwnika marki ZOLA w celu uzyskania optymalnych rezultat\u00f3w.<\/li>\n<li>U\u017cywaj specjalistycznych narz\u0119dzi do r\u00f3wnomiernego nak\u0142adania produkt\u00f3w na w\u0142oski brwi.<\/li>\n<li>Upewni\u0107 si\u0119, \u017ce wszystkie pozosta\u0142o\u015bci kompozycji zosta\u0142y ca\u0142kowicie usuni\u0119te, aby unikn\u0105\u0107 podra\u017cnienia sk\u00f3ry.<\/li>\n<\/ol>\n","protected":false},"excerpt":{"rendered":"<p>ZOLA Color Lab Brow &amp; Lash Lamination Classic System to profesjonalny zestaw przeznaczony do laminacji brwi i rz\u0119s. Ten uniwersalny&#8230;<\/p>\n","protected":false},"featured_media":8636,"template":"","meta":[],"etheme_brands":[],"product_cat":[173],"product_tag":[],"aioseo_notices":[],"_links":{"self":[{"href":"https:\/\/zola-cosmetics.com\/pl\/wp-json\/wp\/v2\/product\/8642"}],"collection":[{"href":"https:\/\/zola-cosmetics.com\/pl\/wp-json\/wp\/v2\/product"}],"about":[{"href":"https:\/\/zola-cosmetics.com\/pl\/wp-json\/wp\/v2\/types\/product"}],"version-history":[{"count":1,"href":"https:\/\/zola-cosmetics.com\/pl\/wp-json\/wp\/v2\/product\/8642\/revisions"}],"predecessor-version":[{"id":8643,"href":"https:\/\/zola-cosmetics.com\/pl\/wp-json\/wp\/v2\/product\/8642\/revisions\/8643"}],"wp:featuredmedia":[{"embeddable":true,"href":"https:\/\/zola-cosmetics.com\/pl\/wp-json\/wp\/v2\/media\/8636"}],"wp:attachment":[{"href":"https:\/\/zola-cosmetics.com\/pl\/wp-json\/wp\/v2\/media?parent=8642"}],"wp:term":[{"taxonomy":"brand","embeddable":true,"href":"https:\/\/zola-cosmetics.com\/pl\/wp-json\/wp\/v2\/etheme_brands?post=8642"},{"taxonomy":"product_cat","embeddable":true,"href":"https:\/\/zola-cosmetics.com\/pl\/wp-json\/wp\/v2\/product_cat?post=8642"},{"taxonomy":"product_tag","embeddable":true,"href":"https:\/\/zola-cosmetics.com\/pl\/wp-json\/wp\/v2\/product_tag?post=8642"}],"curies":[{"name":"wp","href":"https:\/\/api.w.org\/{rel}","templated":true}]}}