{"id":8632,"date":"2026-02-26T19:30:14","date_gmt":"2026-02-26T19:30:14","guid":{"rendered":"https:\/\/zola-cosmetics.com\/?post_type=product&#038;p=8632"},"modified":"2026-02-26T19:30:14","modified_gmt":"2026-02-26T19:30:14","slug":"zola-color-lab-preparat-do-laminacji-02-volume-blue","status":"publish","type":"product","link":"https:\/\/zola-cosmetics.com\/pl\/produkt\/zola-color-lab-preparat-do-laminacji-02-volume-blue\/","title":{"rendered":"ZOLA Color Lab Preparat do laminacji 02 Volume Blue"},"content":{"rendered":"<p>Preparat 02 Volume Blue Fixer stosowany jest w drugim etapie zabiegu laminacji. Utrwala nowy kszta\u0142t w\u0142osk\u00f3w, zapewniaj\u0105c trwa\u0142o\u015b\u0107 oraz elastyczno\u015b\u0107 efektu. Specjalnie dobrane sk\u0142adniki wzmacniaj\u0105 struktur\u0119 w\u0142osa, pomagaj\u0105 zachowa\u0107 jego naturalny po\u0142ysk oraz chroni\u0105 przed uszkodzeniami. Delikatny, niebieski kolor \u017celu wyra\u017anie oddziela etapy procedury, a jednocze\u015bnie nadaje zabiegowi estetyczny, atrakcyjny wizualnie charakter w stylu Instagram.   <\/p>\n<p>PAO: 6 miesi\u0119cy od momentu otwarcia opakowania pierwotnego.<\/p>\n<p>Termin wa\u017cno\u015bci: 24 miesi\u0105ce.<\/p>\n<p><strong>Spos\u00f3b u\u017cycia Preparatu 2 (VOLUME BLUE FIXER) ZOLA CLASSIC SYSTEM COLOR LAB:<\/strong><\/p>\n<ol>\n<li>Po zako\u0144czeniu dzia\u0142ania Preparatu 1 (LIFTING PINK GEL) przygotuj si\u0119 do aplikacji Preparatu 2.<\/li>\n<li>Na\u0142\u00f3\u017c Preparat 2 VOLUME BLUE FIXER na brwi, r\u00f3wnomiernie rozprowadzaj\u0105c go na ca\u0142ej powierzchni w\u0142osk\u00f3w.<\/li>\n<li>Starannie u\u0142\u00f3\u017c w\u0142oski w po\u017c\u0105danym kierunku.<\/li>\n<li>Pozostaw preparat na 7\u20138 minut, niezale\u017cnie od struktury i grubo\u015bci w\u0142osk\u00f3w.<\/li>\n<li>Po up\u0142ywie czasu dzia\u0142ania usu\u0144 pozosta\u0142o\u015bci produktu wacikiem zwil\u017conym wod\u0105 lub tonikiem.<\/li>\n<\/ol>\n","protected":false},"excerpt":{"rendered":"<p>Preparat 02 Volume Blue Fixer stosowany jest w drugim etapie zabiegu laminacji. Utrwala nowy kszta\u0142t w\u0142osk\u00f3w, zapewniaj\u0105c trwa\u0142o\u015b\u0107 oraz elastyczno\u015b\u0107&#8230;<\/p>\n","protected":false},"featured_media":8626,"template":"","meta":[],"etheme_brands":[],"product_cat":[173],"product_tag":[],"aioseo_notices":[],"_links":{"self":[{"href":"https:\/\/zola-cosmetics.com\/pl\/wp-json\/wp\/v2\/product\/8632"}],"collection":[{"href":"https:\/\/zola-cosmetics.com\/pl\/wp-json\/wp\/v2\/product"}],"about":[{"href":"https:\/\/zola-cosmetics.com\/pl\/wp-json\/wp\/v2\/types\/product"}],"version-history":[{"count":1,"href":"https:\/\/zola-cosmetics.com\/pl\/wp-json\/wp\/v2\/product\/8632\/revisions"}],"predecessor-version":[{"id":8633,"href":"https:\/\/zola-cosmetics.com\/pl\/wp-json\/wp\/v2\/product\/8632\/revisions\/8633"}],"wp:featuredmedia":[{"embeddable":true,"href":"https:\/\/zola-cosmetics.com\/pl\/wp-json\/wp\/v2\/media\/8626"}],"wp:attachment":[{"href":"https:\/\/zola-cosmetics.com\/pl\/wp-json\/wp\/v2\/media?parent=8632"}],"wp:term":[{"taxonomy":"brand","embeddable":true,"href":"https:\/\/zola-cosmetics.com\/pl\/wp-json\/wp\/v2\/etheme_brands?post=8632"},{"taxonomy":"product_cat","embeddable":true,"href":"https:\/\/zola-cosmetics.com\/pl\/wp-json\/wp\/v2\/product_cat?post=8632"},{"taxonomy":"product_tag","embeddable":true,"href":"https:\/\/zola-cosmetics.com\/pl\/wp-json\/wp\/v2\/product_tag?post=8632"}],"curies":[{"name":"wp","href":"https:\/\/api.w.org\/{rel}","templated":true}]}}