{"id":8622,"date":"2026-02-26T19:13:12","date_gmt":"2026-02-26T19:13:12","guid":{"rendered":"https:\/\/zola-cosmetics.com\/?post_type=product&#038;p=8622"},"modified":"2026-02-26T19:13:12","modified_gmt":"2026-02-26T19:13:12","slug":"zola-color-lab-preparat-do-laminacji-01-lifting-pink-gel","status":"publish","type":"product","link":"https:\/\/zola-cosmetics.com\/pl\/produkt\/zola-color-lab-preparat-do-laminacji-01-lifting-pink-gel\/","title":{"rendered":"ZOLA Color Lab Preparat do laminacji 01 Lifting Pink Gel"},"content":{"rendered":"<p>Preparat 01 Lifting Pink Gel przeznaczony jest do pierwszego etapu zabiegu laminacji. Jego formu\u0142a skutecznie otwiera \u0142uski w\u0142osa, przygotowuj\u0105c je do kolejnego kroku oraz zwi\u0119kszaj\u0105c ich podatno\u015b\u0107 i elastyczno\u015b\u0107, co u\u0142atwia utrwalenie po\u017c\u0105danego kszta\u0142tu. Intensywny, r\u00f3\u017cowy kolor \u017celu nie tylko podkre\u015bla jego funkcj\u0119 w danym etapie zabiegu, ale tak\u017ce nadaje mu nowoczesny, estetyczny charakter w stylu Instagram.  <\/p>\n<p>PAO: 6 miesi\u0119cy od momentu otwarcia opakowania pierwotnego.<\/p>\n<p>Termin wa\u017cno\u015bci: 24 miesi\u0105ce.<\/p>\n<p><strong>Spos\u00f3b u\u017cycia Preparatu 1 (LIFTING PINK GEL) ZOLA CLASSIC SYSTEM COLOR LAB:<\/strong><\/p>\n<ol>\n<li>Dok\u0142adnie oczy\u015b\u0107 brwi z makija\u017cu i zanieczyszcze\u0144 przy u\u017cyciu ZOLA BROW SHAMPOO.<\/li>\n<li>Na\u0142\u00f3\u017c Preparat 1 LIFTING PINK GEL na w\u0142oski brwi.<\/li>\n<li>R\u00f3wnomiernie rozprowad\u017a produkt na ca\u0142ej powierzchni brwi.<\/li>\n<li>Pozostaw preparat na 6\u201313 minut, w zale\u017cno\u015bci od rodzaju w\u0142osa oraz oczekiwanego efektu.<\/li>\n<li>W razie potrzeby przykryj obszar zabiegowy foli\u0105 kosmetyczn\u0105, aby zwi\u0119kszy\u0107 skuteczno\u015b\u0107 dzia\u0142ania preparatu.<\/li>\n<li>Usu\u0144 pozosta\u0142o\u015bci produktu wacikiem zwil\u017conym wod\u0105.<\/li>\n<\/ol>\n","protected":false},"excerpt":{"rendered":"<p>Preparat 01 Lifting Pink Gel przeznaczony jest do pierwszego etapu zabiegu laminacji. Jego formu\u0142a skutecznie otwiera \u0142uski w\u0142osa, przygotowuj\u0105c je&#8230;<\/p>\n","protected":false},"featured_media":8616,"template":"","meta":[],"etheme_brands":[],"product_cat":[173],"product_tag":[],"aioseo_notices":[],"_links":{"self":[{"href":"https:\/\/zola-cosmetics.com\/pl\/wp-json\/wp\/v2\/product\/8622"}],"collection":[{"href":"https:\/\/zola-cosmetics.com\/pl\/wp-json\/wp\/v2\/product"}],"about":[{"href":"https:\/\/zola-cosmetics.com\/pl\/wp-json\/wp\/v2\/types\/product"}],"version-history":[{"count":1,"href":"https:\/\/zola-cosmetics.com\/pl\/wp-json\/wp\/v2\/product\/8622\/revisions"}],"predecessor-version":[{"id":8623,"href":"https:\/\/zola-cosmetics.com\/pl\/wp-json\/wp\/v2\/product\/8622\/revisions\/8623"}],"wp:featuredmedia":[{"embeddable":true,"href":"https:\/\/zola-cosmetics.com\/pl\/wp-json\/wp\/v2\/media\/8616"}],"wp:attachment":[{"href":"https:\/\/zola-cosmetics.com\/pl\/wp-json\/wp\/v2\/media?parent=8622"}],"wp:term":[{"taxonomy":"brand","embeddable":true,"href":"https:\/\/zola-cosmetics.com\/pl\/wp-json\/wp\/v2\/etheme_brands?post=8622"},{"taxonomy":"product_cat","embeddable":true,"href":"https:\/\/zola-cosmetics.com\/pl\/wp-json\/wp\/v2\/product_cat?post=8622"},{"taxonomy":"product_tag","embeddable":true,"href":"https:\/\/zola-cosmetics.com\/pl\/wp-json\/wp\/v2\/product_tag?post=8622"}],"curies":[{"name":"wp","href":"https:\/\/api.w.org\/{rel}","templated":true}]}}