{"id":8593,"date":"2026-02-26T17:56:42","date_gmt":"2026-02-26T17:56:42","guid":{"rendered":"https:\/\/zola-cosmetics.com\/?post_type=product&#038;p=8593"},"modified":"2026-02-26T18:05:03","modified_gmt":"2026-02-26T18:05:03","slug":"zola-x-porubai_katrusia-mini-wax-melter-grey","status":"publish","type":"product","link":"https:\/\/zola-cosmetics.com\/pl\/produkt\/zola-x-porubai_katrusia-mini-wax-melter-grey\/","title":{"rendered":"ZOLA x Porubai_Katrusia Mini Podgrzewacz do wosku Szary"},"content":{"rendered":"<p><strong>Mini podgrzewacz do wosku ZOLA<\/strong><\/p>\n<p>Urz\u0105dzenie, kt\u00f3re \u0142\u0105czy styl, wygod\u0119 i profesjonaln\u0105 moc w kompaktowym formacie.<\/p>\n<p>Dost\u0119pne kolory:<\/p>\n<ul>\n<li><strong>Czarny <\/strong>\u2014 profesjonalna klasyka<\/li>\n<li><strong>R\u00f3\u017cowy<\/strong> \u2014 wyrazisty akcent<\/li>\n<\/ul>\n<p>Autorskie odcienie (we wsp\u00f3\u0142pracy z ZOLA GOLD oraz technologiem Kateryn\u0105 Porubai)<\/p>\n<ul>\n<li><strong>Jasnor\u00f3\u017cowy<\/strong> \u2014 subtelna elegancja<\/li>\n<li><strong>Szary<\/strong> \u2014 nowoczesny minimalizm<\/li>\n<\/ul>\n<p><strong>Kluczowe zalety:<\/strong><\/p>\n<ul>\n<li>W zestawie 3 silikonowe miseczki \u2014 kolorowe i \u0142atwe do czyszczenia.<\/li>\n<li>Szybkie nagrzewanie i stabilna temperatura do <strong>120\u00b0C<\/strong>.<\/li>\n<li>Optymalna pojemno\u015b\u0107 \u2014 8 g granulek wosku ZOLA, bez strat produktu.<\/li>\n<li>Kompaktowy rozmiar i lekka konstrukcja \u2014 idealny do pracy w salonie oraz w podr\u00f3\u017cy.<\/li>\n<\/ul>\n<p><em>Ma\u0142y format \u2014 wielkie mo\u017cliwo\u015bci!<\/em><\/p>\n","protected":false},"excerpt":{"rendered":"<p>Mini podgrzewacz do wosku ZOLA Urz\u0105dzenie, kt\u00f3re \u0142\u0105czy styl, wygod\u0119 i profesjonaln\u0105 moc w kompaktowym formacie. Dost\u0119pne kolory: Czarny \u2014&#8230;<\/p>\n","protected":false},"featured_media":8590,"template":"","meta":[],"etheme_brands":[],"product_cat":[134],"product_tag":[],"aioseo_notices":[],"_links":{"self":[{"href":"https:\/\/zola-cosmetics.com\/pl\/wp-json\/wp\/v2\/product\/8593"}],"collection":[{"href":"https:\/\/zola-cosmetics.com\/pl\/wp-json\/wp\/v2\/product"}],"about":[{"href":"https:\/\/zola-cosmetics.com\/pl\/wp-json\/wp\/v2\/types\/product"}],"version-history":[{"count":1,"href":"https:\/\/zola-cosmetics.com\/pl\/wp-json\/wp\/v2\/product\/8593\/revisions"}],"predecessor-version":[{"id":8605,"href":"https:\/\/zola-cosmetics.com\/pl\/wp-json\/wp\/v2\/product\/8593\/revisions\/8605"}],"wp:featuredmedia":[{"embeddable":true,"href":"https:\/\/zola-cosmetics.com\/pl\/wp-json\/wp\/v2\/media\/8590"}],"wp:attachment":[{"href":"https:\/\/zola-cosmetics.com\/pl\/wp-json\/wp\/v2\/media?parent=8593"}],"wp:term":[{"taxonomy":"brand","embeddable":true,"href":"https:\/\/zola-cosmetics.com\/pl\/wp-json\/wp\/v2\/etheme_brands?post=8593"},{"taxonomy":"product_cat","embeddable":true,"href":"https:\/\/zola-cosmetics.com\/pl\/wp-json\/wp\/v2\/product_cat?post=8593"},{"taxonomy":"product_tag","embeddable":true,"href":"https:\/\/zola-cosmetics.com\/pl\/wp-json\/wp\/v2\/product_tag?post=8593"}],"curies":[{"name":"wp","href":"https:\/\/api.w.org\/{rel}","templated":true}]}}