{"id":8561,"date":"2026-02-26T07:48:30","date_gmt":"2026-02-26T07:48:30","guid":{"rendered":"https:\/\/zola-cosmetics.com\/?post_type=product&#038;p=8561"},"modified":"2026-02-26T08:08:56","modified_gmt":"2026-02-26T08:08:56","slug":"zola-x-happy-lash-klej-do-laminacji-rzes-jelly-lami-glue-7-ml","status":"publish","type":"product","link":"https:\/\/zola-cosmetics.com\/pl\/produkt\/zola-x-happy-lash-klej-do-laminacji-rzes-jelly-lami-glue-7-ml\/","title":{"rendered":"ZOLA x Happy Lash Klej do laminacji rz\u0119s Jelly Lami Glue 7 ml."},"content":{"rendered":"<p>ZOLA x Happy Lash Jelly Lami Glue to klej do laminacji rz\u0119s, przeznaczony do niezawodnego mocowania silikonowych wa\u0142eczk\u00f3w na powiekach oraz rz\u0119s do wa\u0142eczk\u00f3w silikonowych. \u017belowa konsystencja zapewnia \u0142atw\u0105 aplikacj\u0119, precyzyjn\u0105 kontrol\u0119 nad ilo\u015bci\u0105 produktu oraz usprawnia proces uk\u0142adania rz\u0119s. Klej nie rozlewa si\u0119 i pozwala utrzyma\u0107 rz\u0119sy w idealnym u\u0142o\u017ceniu przez ca\u0142y czas trwania zabiegu.<\/p>\n<p>Zalety:<\/p>\n<ul>\n<li>Zapewnia niezawodne mocowanie wa\u0142eczk\u00f3w silikonowych oraz rz\u0119s.<\/li>\n<li>\u017belowa konsystencja gwarantuje komfortow\u0105 i kontrolowan\u0105 aplikacj\u0119.<\/li>\n<li>\u0141atwa aplikacja i r\u00f3wnomierne rozprowadzanie.<\/li>\n<li>Nie rozlewa si\u0119, zapewniaj\u0105c estetyczne i precyzyjne u\u0142o\u017cenie rz\u0119s.<\/li>\n<li>Umo\u017cliwia pe\u0142n\u0105 precyzj\u0119 i kontrol\u0119 podczas zabiegu.<\/li>\n<\/ul>\n<p>Spos\u00f3b u\u017cycia:<\/p>\n<ol>\n<li>Na\u0142\u00f3\u017c niewielk\u0105 ilo\u015b\u0107 kleju na silikonowy wa\u0142eczek i przymocuj go do powieki.<\/li>\n<li>Nast\u0119pnie zaaplikuj klej na wa\u0142eczek, u\u0142\u00f3\u017c rz\u0119sy i przy pomocy aplikatora przymocuj je do jego powierzchni.<\/li>\n<\/ol>\n","protected":false},"excerpt":{"rendered":"<p>ZOLA x Happy Lash Jelly Lami Glue to klej do laminacji rz\u0119s, przeznaczony do niezawodnego mocowania silikonowych wa\u0142eczk\u00f3w na powiekach&#8230;<\/p>\n","protected":false},"featured_media":8549,"template":"","meta":[],"etheme_brands":[],"product_cat":[137],"product_tag":[],"aioseo_notices":[],"_links":{"self":[{"href":"https:\/\/zola-cosmetics.com\/pl\/wp-json\/wp\/v2\/product\/8561"}],"collection":[{"href":"https:\/\/zola-cosmetics.com\/pl\/wp-json\/wp\/v2\/product"}],"about":[{"href":"https:\/\/zola-cosmetics.com\/pl\/wp-json\/wp\/v2\/types\/product"}],"version-history":[{"count":1,"href":"https:\/\/zola-cosmetics.com\/pl\/wp-json\/wp\/v2\/product\/8561\/revisions"}],"predecessor-version":[{"id":8573,"href":"https:\/\/zola-cosmetics.com\/pl\/wp-json\/wp\/v2\/product\/8561\/revisions\/8573"}],"wp:featuredmedia":[{"embeddable":true,"href":"https:\/\/zola-cosmetics.com\/pl\/wp-json\/wp\/v2\/media\/8549"}],"wp:attachment":[{"href":"https:\/\/zola-cosmetics.com\/pl\/wp-json\/wp\/v2\/media?parent=8561"}],"wp:term":[{"taxonomy":"brand","embeddable":true,"href":"https:\/\/zola-cosmetics.com\/pl\/wp-json\/wp\/v2\/etheme_brands?post=8561"},{"taxonomy":"product_cat","embeddable":true,"href":"https:\/\/zola-cosmetics.com\/pl\/wp-json\/wp\/v2\/product_cat?post=8561"},{"taxonomy":"product_tag","embeddable":true,"href":"https:\/\/zola-cosmetics.com\/pl\/wp-json\/wp\/v2\/product_tag?post=8561"}],"curies":[{"name":"wp","href":"https:\/\/api.w.org\/{rel}","templated":true}]}}