{"id":7517,"date":"2024-12-11T14:48:27","date_gmt":"2024-12-11T14:48:27","guid":{"rendered":"https:\/\/zola-cosmetics.com\/product\/zola-etui-na-pedzle-zolte\/"},"modified":"2025-07-26T08:27:42","modified_gmt":"2025-07-26T08:27:42","slug":"zola-etui-na-pedzle-zolte","status":"publish","type":"product","link":"https:\/\/zola-cosmetics.com\/pl\/produkt\/zola-etui-na-pedzle-zolte\/","title":{"rendered":"ZOLA Etui na p\u0119dzle \u017b\u00f3\u0142te"},"content":{"rendered":"<p>Jasne i energetyczne, \u017c\u00f3\u0142te etui na p\u0119dzle ZOLA stanie si\u0119 Twoim niezast\u0105pionym pomocnikiem. Wykonany z odpornej sztucznej sk\u00f3ry, zapewnia bezpieczne i stylowe rozwi\u0105zanie do przechowywania p\u0119dzli. \u017b\u00f3\u0142ty kolor zapewnia rado\u015b\u0107 i stanowi pozytywny akcent w przestrzeni roboczej, poprawiaj\u0105c nastr\u00f3j przy ka\u017cdym u\u017cyciu.  <\/p>\n","protected":false},"excerpt":{"rendered":"<p>Jasne i energetyczne, \u017c\u00f3\u0142te etui na p\u0119dzle ZOLA stanie si\u0119 Twoim niezast\u0105pionym pomocnikiem. Wykonany z odpornej sztucznej sk\u00f3ry, zapewnia bezpieczne&#8230;<\/p>\n","protected":false},"featured_media":7516,"template":"","meta":[],"etheme_brands":[],"product_cat":[148],"product_tag":[],"aioseo_notices":[],"_links":{"self":[{"href":"https:\/\/zola-cosmetics.com\/pl\/wp-json\/wp\/v2\/product\/7517"}],"collection":[{"href":"https:\/\/zola-cosmetics.com\/pl\/wp-json\/wp\/v2\/product"}],"about":[{"href":"https:\/\/zola-cosmetics.com\/pl\/wp-json\/wp\/v2\/types\/product"}],"version-history":[{"count":0,"href":"https:\/\/zola-cosmetics.com\/pl\/wp-json\/wp\/v2\/product\/7517\/revisions"}],"wp:featuredmedia":[{"embeddable":true,"href":"https:\/\/zola-cosmetics.com\/pl\/wp-json\/wp\/v2\/media\/7516"}],"wp:attachment":[{"href":"https:\/\/zola-cosmetics.com\/pl\/wp-json\/wp\/v2\/media?parent=7517"}],"wp:term":[{"taxonomy":"brand","embeddable":true,"href":"https:\/\/zola-cosmetics.com\/pl\/wp-json\/wp\/v2\/etheme_brands?post=7517"},{"taxonomy":"product_cat","embeddable":true,"href":"https:\/\/zola-cosmetics.com\/pl\/wp-json\/wp\/v2\/product_cat?post=7517"},{"taxonomy":"product_tag","embeddable":true,"href":"https:\/\/zola-cosmetics.com\/pl\/wp-json\/wp\/v2\/product_tag?post=7517"}],"curies":[{"name":"wp","href":"https:\/\/api.w.org\/{rel}","templated":true}]}}