{"id":7513,"date":"2024-12-11T14:50:03","date_gmt":"2024-12-11T14:50:03","guid":{"rendered":"https:\/\/zola-cosmetics.com\/product\/zola-etui-na-pedzle-malinowy\/"},"modified":"2026-01-13T14:35:00","modified_gmt":"2026-01-13T14:35:00","slug":"zola-etui-na-pedzle-malinowy","status":"publish","type":"product","link":"https:\/\/zola-cosmetics.com\/pl\/produkt\/zola-etui-na-pedzle-malinowy\/","title":{"rendered":"ZOLA Etui na p\u0119dzle Malinowy"},"content":{"rendered":"<p>Eleganckie etui na p\u0119dzle ZOLA w kolorze karmazynowym to idealny wyb\u00f3r dla stylowych i nowoczesnych profesjonalist\u00f3w z bran\u017cy kosmetycznej. Wykonane z wysokiej jako\u015bci sztucznej sk\u00f3ry etui jest nie tylko praktyczne, ale tak\u017ce dodaje wyrafinowania codziennym narz\u0119dziom. Karmazynowy kolor dodaje jaskrawo\u015bci i wyrazisto\u015bci, sprawiaj\u0105c, \u017ce jest to wyr\u00f3\u017cniaj\u0105ce si\u0119 akcesorium w Twoim arsenale  <\/p>\n","protected":false},"excerpt":{"rendered":"<p>Eleganckie etui na p\u0119dzle ZOLA w kolorze karmazynowym to idealny wyb\u00f3r dla stylowych i nowoczesnych profesjonalist\u00f3w z bran\u017cy kosmetycznej. Wykonane&#8230;<\/p>\n","protected":false},"featured_media":7510,"template":"","meta":[],"etheme_brands":[],"product_cat":[152],"product_tag":[],"aioseo_notices":[],"_links":{"self":[{"href":"https:\/\/zola-cosmetics.com\/pl\/wp-json\/wp\/v2\/product\/7513"}],"collection":[{"href":"https:\/\/zola-cosmetics.com\/pl\/wp-json\/wp\/v2\/product"}],"about":[{"href":"https:\/\/zola-cosmetics.com\/pl\/wp-json\/wp\/v2\/types\/product"}],"version-history":[{"count":0,"href":"https:\/\/zola-cosmetics.com\/pl\/wp-json\/wp\/v2\/product\/7513\/revisions"}],"wp:featuredmedia":[{"embeddable":true,"href":"https:\/\/zola-cosmetics.com\/pl\/wp-json\/wp\/v2\/media\/7510"}],"wp:attachment":[{"href":"https:\/\/zola-cosmetics.com\/pl\/wp-json\/wp\/v2\/media?parent=7513"}],"wp:term":[{"taxonomy":"brand","embeddable":true,"href":"https:\/\/zola-cosmetics.com\/pl\/wp-json\/wp\/v2\/etheme_brands?post=7513"},{"taxonomy":"product_cat","embeddable":true,"href":"https:\/\/zola-cosmetics.com\/pl\/wp-json\/wp\/v2\/product_cat?post=7513"},{"taxonomy":"product_tag","embeddable":true,"href":"https:\/\/zola-cosmetics.com\/pl\/wp-json\/wp\/v2\/product_tag?post=7513"}],"curies":[{"name":"wp","href":"https:\/\/api.w.org\/{rel}","templated":true}]}}