{"id":7508,"date":"2024-12-11T14:50:45","date_gmt":"2024-12-11T14:50:45","guid":{"rendered":"https:\/\/zola-cosmetics.com\/product\/zola-etui-na-pedzle-jasnorozowe\/"},"modified":"2026-02-28T15:27:40","modified_gmt":"2026-02-28T15:27:40","slug":"zola-etui-na-pedzle-jasnorozowe","status":"publish","type":"product","link":"https:\/\/zola-cosmetics.com\/pl\/produkt\/zola-etui-na-pedzle-jasnorozowe\/","title":{"rendered":"ZOLA Etui na p\u0119dzle jasnor\u00f3\u017cowe"},"content":{"rendered":"<p>Delikatne i modne etui na p\u0119dzle ZOLA w jasnor\u00f3\u017cowym kolorze to nie tylko wygodne rozwi\u0105zanie do przechowywania, ale tak\u017ce czaruj\u0105cy element dekoracyjny do miejsca pracy. Wykonane ze sztucznej sk\u00f3ry etui gwarantuje trwa\u0142o\u015b\u0107 i odporno\u015b\u0107 na uszkodzenia. Jasnor\u00f3\u017cowy kolor dodaje subtelno\u015bci i kobieco\u015bci, co czyni go doskona\u0142ym wyborem dla os\u00f3b, kt\u00f3re ceni\u0105 sobie styl i funkcjonalno\u015b\u0107.  <\/p>\n","protected":false},"excerpt":{"rendered":"<p>Delikatne i modne etui na p\u0119dzle ZOLA w jasnor\u00f3\u017cowym kolorze to nie tylko wygodne rozwi\u0105zanie do przechowywania, ale tak\u017ce czaruj\u0105cy&#8230;<\/p>\n","protected":false},"featured_media":7507,"template":"","meta":[],"etheme_brands":[],"product_cat":[152],"product_tag":[],"aioseo_notices":[],"_links":{"self":[{"href":"https:\/\/zola-cosmetics.com\/pl\/wp-json\/wp\/v2\/product\/7508"}],"collection":[{"href":"https:\/\/zola-cosmetics.com\/pl\/wp-json\/wp\/v2\/product"}],"about":[{"href":"https:\/\/zola-cosmetics.com\/pl\/wp-json\/wp\/v2\/types\/product"}],"version-history":[{"count":0,"href":"https:\/\/zola-cosmetics.com\/pl\/wp-json\/wp\/v2\/product\/7508\/revisions"}],"wp:featuredmedia":[{"embeddable":true,"href":"https:\/\/zola-cosmetics.com\/pl\/wp-json\/wp\/v2\/media\/7507"}],"wp:attachment":[{"href":"https:\/\/zola-cosmetics.com\/pl\/wp-json\/wp\/v2\/media?parent=7508"}],"wp:term":[{"taxonomy":"brand","embeddable":true,"href":"https:\/\/zola-cosmetics.com\/pl\/wp-json\/wp\/v2\/etheme_brands?post=7508"},{"taxonomy":"product_cat","embeddable":true,"href":"https:\/\/zola-cosmetics.com\/pl\/wp-json\/wp\/v2\/product_cat?post=7508"},{"taxonomy":"product_tag","embeddable":true,"href":"https:\/\/zola-cosmetics.com\/pl\/wp-json\/wp\/v2\/product_tag?post=7508"}],"curies":[{"name":"wp","href":"https:\/\/api.w.org\/{rel}","templated":true}]}}