{"id":7505,"date":"2024-12-11T15:07:48","date_gmt":"2024-12-11T15:07:48","guid":{"rendered":"https:\/\/zola-cosmetics.com\/?post_type=product&#038;p=7505"},"modified":"2025-07-26T08:27:41","modified_gmt":"2025-07-26T08:27:41","slug":"zola-profesjonalna-peseta-skosna-do-brwi-green","status":"publish","type":"product","link":"https:\/\/zola-cosmetics.com\/pl\/produkt\/zola-profesjonalna-peseta-skosna-do-brwi-green\/","title":{"rendered":"ZOLA Profesjonalna p\u0119seta sko\u015bna do brwi GREEN"},"content":{"rendered":"<p>P\u0119seta jest wykonana z wysokiej jako\u015bci stali nierdzewnej, co gwarantuje trwa\u0142o\u015b\u0107 i wysok\u0105 precyzj\u0119. Sko\u015bne ko\u0144c\u00f3wki doskonale chwytaj\u0105 nawet najdrobniejsze w\u0142oski. P\u0119seta jest \u0142atwa do sterylizacji i czyszczenia w roztworach dezynfekuj\u0105cych, zapewniaj\u0105c wysoki poziom higieny, co czyni j\u0105 idealnym wyborem zar\u00f3wno dla profesjonalist\u00f3w, jak i do u\u017cytku domowego.   <\/p>\n<p>P\u0119seta jest dost\u0119pna w siedmiu kolorach: Zielony, Czarny, Fioletowy, Jasnor\u00f3\u017cowy, T\u0119czowy, Srebrny, R\u00f3\u017cowy, co pozwala wybra\u0107 styl, kt\u00f3ry najlepiej pasuje do Twojej osobowo\u015bci i preferencji.<\/p>\n<p>Kolor zielony: P\u0119seta ZOLA Color Series w kolorze zielonym wnosi \u015bwie\u017cy akcent do arsena\u0142u narz\u0119dzi kosmetycznych. Jest idealna dla tych, kt\u00f3rzy preferuj\u0105 jaskrawe i nietypowe rozwi\u0105zania. <\/p>\n","protected":false},"excerpt":{"rendered":"<p>P\u0119seta jest wykonana z wysokiej jako\u015bci stali nierdzewnej, co gwarantuje trwa\u0142o\u015b\u0107 i wysok\u0105 precyzj\u0119. Sko\u015bne ko\u0144c\u00f3wki doskonale chwytaj\u0105 nawet najdrobniejsze&#8230;<\/p>\n","protected":false},"featured_media":7500,"template":"","meta":[],"etheme_brands":[],"product_cat":[132],"product_tag":[],"aioseo_notices":[],"_links":{"self":[{"href":"https:\/\/zola-cosmetics.com\/pl\/wp-json\/wp\/v2\/product\/7505"}],"collection":[{"href":"https:\/\/zola-cosmetics.com\/pl\/wp-json\/wp\/v2\/product"}],"about":[{"href":"https:\/\/zola-cosmetics.com\/pl\/wp-json\/wp\/v2\/types\/product"}],"version-history":[{"count":1,"href":"https:\/\/zola-cosmetics.com\/pl\/wp-json\/wp\/v2\/product\/7505\/revisions"}],"predecessor-version":[{"id":7536,"href":"https:\/\/zola-cosmetics.com\/pl\/wp-json\/wp\/v2\/product\/7505\/revisions\/7536"}],"wp:featuredmedia":[{"embeddable":true,"href":"https:\/\/zola-cosmetics.com\/pl\/wp-json\/wp\/v2\/media\/7500"}],"wp:attachment":[{"href":"https:\/\/zola-cosmetics.com\/pl\/wp-json\/wp\/v2\/media?parent=7505"}],"wp:term":[{"taxonomy":"brand","embeddable":true,"href":"https:\/\/zola-cosmetics.com\/pl\/wp-json\/wp\/v2\/etheme_brands?post=7505"},{"taxonomy":"product_cat","embeddable":true,"href":"https:\/\/zola-cosmetics.com\/pl\/wp-json\/wp\/v2\/product_cat?post=7505"},{"taxonomy":"product_tag","embeddable":true,"href":"https:\/\/zola-cosmetics.com\/pl\/wp-json\/wp\/v2\/product_tag?post=7505"}],"curies":[{"name":"wp","href":"https:\/\/api.w.org\/{rel}","templated":true}]}}