{"id":7474,"date":"2024-12-11T15:09:34","date_gmt":"2024-12-11T15:09:34","guid":{"rendered":"https:\/\/zola-cosmetics.com\/?post_type=product&#038;p=7474"},"modified":"2025-10-22T08:48:16","modified_gmt":"2025-10-22T08:48:16","slug":"zola-x-romashka-skosny-pedzel-do-brwi-i-rzes-sztylet-01","status":"publish","type":"product","link":"https:\/\/zola-cosmetics.com\/pl\/produkt\/zola-x-romashka-skosny-pedzel-do-brwi-i-rzes-sztylet-01\/","title":{"rendered":"ZOLA x Romashka Sko\u015bny p\u0119dzel do brwi i rz\u0119s sztylet 01"},"content":{"rendered":"<p><strong>ZOLA x Romashka Sko\u015bny p\u0119dzel do brwi i rz\u0119s sztylet 01:<\/strong><br \/>\nTen sko\u015bny p\u0119dzel sztylet to idealny wyb\u00f3r dla profesjonalist\u00f3w poszukuj\u0105cych idealnych kontur\u00f3w i czystych linii. Dzi\u0119ki unikalnemu kszta\u0142towi p\u0119dzel zapewnia precyzyjn\u0105 aplikacj\u0119 produktu i jest idealny do pracy zar\u00f3wno z brwiami, jak i rz\u0119sami. <\/p>\n<p><strong>Materia\u0142 w\u0142osia: <\/strong>syntetyczny.<\/p>\n","protected":false},"excerpt":{"rendered":"<p>ZOLA x Romashka Sko\u015bny p\u0119dzel do brwi i rz\u0119s sztylet 01: Ten sko\u015bny p\u0119dzel sztylet to idealny wyb\u00f3r dla profesjonalist\u00f3w&#8230;<\/p>\n","protected":false},"featured_media":7472,"template":"","meta":[],"etheme_brands":[],"product_cat":[128],"product_tag":[],"aioseo_notices":[],"_links":{"self":[{"href":"https:\/\/zola-cosmetics.com\/pl\/wp-json\/wp\/v2\/product\/7474"}],"collection":[{"href":"https:\/\/zola-cosmetics.com\/pl\/wp-json\/wp\/v2\/product"}],"about":[{"href":"https:\/\/zola-cosmetics.com\/pl\/wp-json\/wp\/v2\/types\/product"}],"version-history":[{"count":1,"href":"https:\/\/zola-cosmetics.com\/pl\/wp-json\/wp\/v2\/product\/7474\/revisions"}],"predecessor-version":[{"id":7532,"href":"https:\/\/zola-cosmetics.com\/pl\/wp-json\/wp\/v2\/product\/7474\/revisions\/7532"}],"wp:featuredmedia":[{"embeddable":true,"href":"https:\/\/zola-cosmetics.com\/pl\/wp-json\/wp\/v2\/media\/7472"}],"wp:attachment":[{"href":"https:\/\/zola-cosmetics.com\/pl\/wp-json\/wp\/v2\/media?parent=7474"}],"wp:term":[{"taxonomy":"brand","embeddable":true,"href":"https:\/\/zola-cosmetics.com\/pl\/wp-json\/wp\/v2\/etheme_brands?post=7474"},{"taxonomy":"product_cat","embeddable":true,"href":"https:\/\/zola-cosmetics.com\/pl\/wp-json\/wp\/v2\/product_cat?post=7474"},{"taxonomy":"product_tag","embeddable":true,"href":"https:\/\/zola-cosmetics.com\/pl\/wp-json\/wp\/v2\/product_tag?post=7474"}],"curies":[{"name":"wp","href":"https:\/\/api.w.org\/{rel}","templated":true}]}}