{"id":7442,"date":"2024-12-11T15:09:34","date_gmt":"2024-12-11T15:09:34","guid":{"rendered":"https:\/\/zola-cosmetics.com\/?post_type=product&#038;p=7442"},"modified":"2026-01-22T21:51:07","modified_gmt":"2026-01-22T21:51:07","slug":"zola-profesjonalna-peseta-skosna-do-brwi-silver","status":"publish","type":"product","link":"https:\/\/zola-cosmetics.com\/pl\/produkt\/zola-profesjonalna-peseta-skosna-do-brwi-silver\/","title":{"rendered":"ZOLA Profesjonalna p\u0119seta sko\u015bna do brwi SILVER"},"content":{"rendered":"<p>P\u0119seta jest wykonana z wysokiej jako\u015bci stali nierdzewnej, co gwarantuje trwa\u0142o\u015b\u0107 i wysok\u0105 precyzj\u0119. Sko\u015bne ko\u0144c\u00f3wki doskonale chwytaj\u0105 nawet najdrobniejsze w\u0142oski. P\u0119seta jest \u0142atwa do sterylizacji i czyszczenia w roztworach dezynfekuj\u0105cych, zapewniaj\u0105c wysoki poziom higieny, co czyni j\u0105 idealnym wyborem zar\u00f3wno dla profesjonalist\u00f3w, jak i do u\u017cytku domowego.   <\/p>\n<p>P\u0119seta jest dost\u0119pna w siedmiu kolorach: Zielony, Czarny, Fioletowy, Jasnor\u00f3\u017cowy, T\u0119czowy, Srebrny, R\u00f3\u017cowy, co pozwala wybra\u0107 styl, kt\u00f3ry najlepiej pasuje do Twojej osobowo\u015bci i preferencji.<\/p>\n<p>Kolor srebrny: P\u0119sety ZOLA Color Series w kolorze srebrnym to nowoczesne i stylowe narz\u0119dzia. Kolor ten podkre\u015bla profesjonalizm i jest odpowiedni dla wyrafinowanych i eleganckich stylist\u00f3w. <\/p>\n","protected":false},"excerpt":{"rendered":"<p>P\u0119seta jest wykonana z wysokiej jako\u015bci stali nierdzewnej, co gwarantuje trwa\u0142o\u015b\u0107 i wysok\u0105 precyzj\u0119. Sko\u015bne ko\u0144c\u00f3wki doskonale chwytaj\u0105 nawet najdrobniejsze&#8230;<\/p>\n","protected":false},"featured_media":7455,"template":"","meta":[],"etheme_brands":[],"product_cat":[132],"product_tag":[],"aioseo_notices":[],"_links":{"self":[{"href":"https:\/\/zola-cosmetics.com\/pl\/wp-json\/wp\/v2\/product\/7442"}],"collection":[{"href":"https:\/\/zola-cosmetics.com\/pl\/wp-json\/wp\/v2\/product"}],"about":[{"href":"https:\/\/zola-cosmetics.com\/pl\/wp-json\/wp\/v2\/types\/product"}],"version-history":[{"count":1,"href":"https:\/\/zola-cosmetics.com\/pl\/wp-json\/wp\/v2\/product\/7442\/revisions"}],"predecessor-version":[{"id":7531,"href":"https:\/\/zola-cosmetics.com\/pl\/wp-json\/wp\/v2\/product\/7442\/revisions\/7531"}],"wp:featuredmedia":[{"embeddable":true,"href":"https:\/\/zola-cosmetics.com\/pl\/wp-json\/wp\/v2\/media\/7455"}],"wp:attachment":[{"href":"https:\/\/zola-cosmetics.com\/pl\/wp-json\/wp\/v2\/media?parent=7442"}],"wp:term":[{"taxonomy":"brand","embeddable":true,"href":"https:\/\/zola-cosmetics.com\/pl\/wp-json\/wp\/v2\/etheme_brands?post=7442"},{"taxonomy":"product_cat","embeddable":true,"href":"https:\/\/zola-cosmetics.com\/pl\/wp-json\/wp\/v2\/product_cat?post=7442"},{"taxonomy":"product_tag","embeddable":true,"href":"https:\/\/zola-cosmetics.com\/pl\/wp-json\/wp\/v2\/product_tag?post=7442"}],"curies":[{"name":"wp","href":"https:\/\/api.w.org\/{rel}","templated":true}]}}