{"id":7436,"date":"2024-12-11T15:09:34","date_gmt":"2024-12-11T15:09:34","guid":{"rendered":"https:\/\/zola-cosmetics.com\/?post_type=product&#038;p=7436"},"modified":"2025-07-26T08:27:38","modified_gmt":"2025-07-26T08:27:38","slug":"zola-profesjonalna-peseta-skosna-do-brwi-czarna","status":"publish","type":"product","link":"https:\/\/zola-cosmetics.com\/pl\/produkt\/zola-profesjonalna-peseta-skosna-do-brwi-czarna\/","title":{"rendered":"ZOLA Profesjonalna p\u0119seta sko\u015bna do brwi CZARNA"},"content":{"rendered":"<p>P\u0119seta jest wykonana z wysokiej jako\u015bci stali nierdzewnej, co gwarantuje trwa\u0142o\u015b\u0107 i wysok\u0105 precyzj\u0119. Sko\u015bne ko\u0144c\u00f3wki doskonale chwytaj\u0105 nawet najdrobniejsze w\u0142oski. P\u0119seta jest \u0142atwa do sterylizacji i czyszczenia w roztworach dezynfekuj\u0105cych, zapewniaj\u0105c wysoki poziom higieny, co czyni j\u0105 idealnym wyborem zar\u00f3wno dla profesjonalist\u00f3w, jak i do u\u017cytku domowego.   <\/p>\n<p>P\u0119seta jest dost\u0119pna w siedmiu kolorach: Zielony, Czarny, Fioletowy, Jasnor\u00f3\u017cowy, T\u0119czowy, Srebrny, R\u00f3\u017cowy, co pozwala wybra\u0107 styl, kt\u00f3ry najlepiej pasuje do Twojej osobowo\u015bci i preferencji.<\/p>\n<p>Kolor czarny: P\u0119seta ZOLA Color Series w kolorze czarnym to elegancja i profesjonalizm w ka\u017cdym detalu. Idealna dla tych, kt\u00f3rzy ceni\u0105 klasyk\u0119 w narz\u0119dziach kosmetycznych. <\/p>\n","protected":false},"excerpt":{"rendered":"<p>P\u0119seta jest wykonana z wysokiej jako\u015bci stali nierdzewnej, co gwarantuje trwa\u0142o\u015b\u0107 i wysok\u0105 precyzj\u0119. Sko\u015bne ko\u0144c\u00f3wki doskonale chwytaj\u0105 nawet najdrobniejsze&#8230;<\/p>\n","protected":false},"featured_media":7451,"template":"","meta":[],"etheme_brands":[],"product_cat":[132],"product_tag":[],"aioseo_notices":[],"_links":{"self":[{"href":"https:\/\/zola-cosmetics.com\/pl\/wp-json\/wp\/v2\/product\/7436"}],"collection":[{"href":"https:\/\/zola-cosmetics.com\/pl\/wp-json\/wp\/v2\/product"}],"about":[{"href":"https:\/\/zola-cosmetics.com\/pl\/wp-json\/wp\/v2\/types\/product"}],"version-history":[{"count":1,"href":"https:\/\/zola-cosmetics.com\/pl\/wp-json\/wp\/v2\/product\/7436\/revisions"}],"predecessor-version":[{"id":7530,"href":"https:\/\/zola-cosmetics.com\/pl\/wp-json\/wp\/v2\/product\/7436\/revisions\/7530"}],"wp:featuredmedia":[{"embeddable":true,"href":"https:\/\/zola-cosmetics.com\/pl\/wp-json\/wp\/v2\/media\/7451"}],"wp:attachment":[{"href":"https:\/\/zola-cosmetics.com\/pl\/wp-json\/wp\/v2\/media?parent=7436"}],"wp:term":[{"taxonomy":"brand","embeddable":true,"href":"https:\/\/zola-cosmetics.com\/pl\/wp-json\/wp\/v2\/etheme_brands?post=7436"},{"taxonomy":"product_cat","embeddable":true,"href":"https:\/\/zola-cosmetics.com\/pl\/wp-json\/wp\/v2\/product_cat?post=7436"},{"taxonomy":"product_tag","embeddable":true,"href":"https:\/\/zola-cosmetics.com\/pl\/wp-json\/wp\/v2\/product_tag?post=7436"}],"curies":[{"name":"wp","href":"https:\/\/api.w.org\/{rel}","templated":true}]}}