{"id":7428,"date":"2024-12-11T15:09:35","date_gmt":"2024-12-11T15:09:35","guid":{"rendered":"https:\/\/zola-cosmetics.com\/?post_type=product&#038;p=7428"},"modified":"2025-07-26T08:27:37","modified_gmt":"2025-07-26T08:27:37","slug":"zola-kredka-do-ust-lip-pencil-07-true-red","status":"publish","type":"product","link":"https:\/\/zola-cosmetics.com\/pl\/produkt\/zola-kredka-do-ust-lip-pencil-07-true-red\/","title":{"rendered":"ZOLA Kredka do ust Lip Pencil 07 True Red"},"content":{"rendered":"<p>Zola Kredka do ust Lip Pencil to idealna oprawa dla Twojego czaruj\u0105cego u\u015bmiechu \u2014 kolekcja kredek do ust w 7 atrakcyjnych odcieniach!<\/p>\n<p>To klasyczny czerwony odcie\u0144, kt\u00f3ry doda Twojemu wygl\u0105dowi energii i pewno\u015bci siebie. Idealny na wieczorne wyj\u015bcie lub jako jasny akcent na ustach.<\/p>\n<p>Aby uzyska\u0107 maksymalny efekt stosowania kredek do ust Zola, nale\u017cy post\u0119powa\u0107 zgodnie z poni\u017cszymi zaleceniami:<\/p>\n<ol>\n<li>Przygotowanie ust: Regularnie nawil\u017caj usta, aby zapobiec ich wysuszeniu i \u0142uszczeniu si\u0119. U\u017cywaj balsamu do ust lub kremu od\u017cywczego.<\/li>\n<li>Konturowanie ust: Przed na\u0142o\u017ceniem szminki u\u017cyj kredki, aby obrysowa\u0107 kontur ust.<\/li>\n<li>Baza do ust: Aby uzyska\u0107 bardziej nasycony efekt, na\u0142\u00f3\u017c kredk\u0119 na ca\u0142e usta jako baz\u0119. Zwi\u0119kszy to intensywno\u015b\u0107 koloru, nawet w przypadku mniej trwa\u0142ych pomadek.<\/li>\n<li>Baza pod b\u0142yszczyk: Je\u015bli chcesz uzyska\u0107 efekt soczystych, b\u0142yszcz\u0105cych ust, na\u0142\u00f3\u017c kredk\u0119 na ca\u0142e usta przed na\u0142o\u017ceniem b\u0142yszczyka. Dzi\u0119ki temu kolor b\u0119dzie g\u0142\u0119bszy i bardziej \u017cywy.<\/li>\n<li>Matowe wyko\u0144czenie: Kredka mo\u017ce by\u0107 u\u017cywana jako samodzielny produkt w celu uzyskania idealnego matowego wyko\u0144czenia. Wystarczy na\u0142o\u017cy\u0107 j\u0105 na ca\u0142e usta i delikatnie rozetrze\u0107. Zapewni to d\u0142ugotrwa\u0142e, matowe pokrycie bez konieczno\u015bci stosowania dodatkowych produkt\u00f3w.<\/li>\n<\/ol>\n","protected":false},"excerpt":{"rendered":"<p>Zola Kredka do ust Lip Pencil to idealna oprawa dla Twojego czaruj\u0105cego u\u015bmiechu \u2014 kolekcja kredek do ust w 7&#8230;<\/p>\n","protected":false},"featured_media":7425,"template":"","meta":[],"etheme_brands":[],"product_cat":[139],"product_tag":[],"aioseo_notices":[],"_links":{"self":[{"href":"https:\/\/zola-cosmetics.com\/pl\/wp-json\/wp\/v2\/product\/7428"}],"collection":[{"href":"https:\/\/zola-cosmetics.com\/pl\/wp-json\/wp\/v2\/product"}],"about":[{"href":"https:\/\/zola-cosmetics.com\/pl\/wp-json\/wp\/v2\/types\/product"}],"version-history":[{"count":1,"href":"https:\/\/zola-cosmetics.com\/pl\/wp-json\/wp\/v2\/product\/7428\/revisions"}],"predecessor-version":[{"id":7522,"href":"https:\/\/zola-cosmetics.com\/pl\/wp-json\/wp\/v2\/product\/7428\/revisions\/7522"}],"wp:featuredmedia":[{"embeddable":true,"href":"https:\/\/zola-cosmetics.com\/pl\/wp-json\/wp\/v2\/media\/7425"}],"wp:attachment":[{"href":"https:\/\/zola-cosmetics.com\/pl\/wp-json\/wp\/v2\/media?parent=7428"}],"wp:term":[{"taxonomy":"brand","embeddable":true,"href":"https:\/\/zola-cosmetics.com\/pl\/wp-json\/wp\/v2\/etheme_brands?post=7428"},{"taxonomy":"product_cat","embeddable":true,"href":"https:\/\/zola-cosmetics.com\/pl\/wp-json\/wp\/v2\/product_cat?post=7428"},{"taxonomy":"product_tag","embeddable":true,"href":"https:\/\/zola-cosmetics.com\/pl\/wp-json\/wp\/v2\/product_tag?post=7428"}],"curies":[{"name":"wp","href":"https:\/\/api.w.org\/{rel}","templated":true}]}}