{"id":7418,"date":"2024-12-11T15:09:35","date_gmt":"2024-12-11T15:09:35","guid":{"rendered":"https:\/\/zola-cosmetics.com\/?post_type=product&#038;p=7418"},"modified":"2025-07-26T08:27:37","modified_gmt":"2025-07-26T08:27:37","slug":"zola-x-nahiieva-pedzelek-do-laminowania-rzes","status":"publish","type":"product","link":"https:\/\/zola-cosmetics.com\/pl\/produkt\/zola-x-nahiieva-pedzelek-do-laminowania-rzes\/","title":{"rendered":"ZOLA x Nahiieva P\u0119dzelek do laminowania rz\u0119s"},"content":{"rendered":"<p>P\u0119dzel ten zosta\u0142 zaprojektowany do uk\u0142adania rz\u0119s podczas laminowania, uwzgl\u0119dniaj\u0105c wszystkie potrzeby specjalist\u00f3w!<\/p>\n<ul>\n<li><strong>Kompaktowa i wygodna konstrukcja:<\/strong> mocny, ma\u0142y uchwyt zapewnia wygod\u0119 u\u017cytkowania.<\/li>\n<li><strong>Wyj\u0105tkowo elastyczne w\u0142osie: <\/strong>\u0142atwo dopasowuje si\u0119 do kszta\u0142tu wa\u0142eczk\u00f3w, zapewniaj\u0105c precyzyjn\u0105 aplikacj\u0119 kleju.<\/li>\n<li><strong>\u0141atwo\u015b\u0107 czyszczenia:<\/strong> z \u0142atwo\u015bci\u0105 oczyszcza si\u0119 z pozosta\u0142o\u015bci kleju, dzi\u0119ki czemu jest d\u0142ugotrwa\u0142y.<\/li>\n<li><strong>Odporno\u015b\u0107 na dzia\u0142ania produkt\u00f3w do laminowania<\/strong>: w\u0142osie nie zmienia kszta\u0142tu i zachowuje swoje cechy.<\/li>\n<li><strong>Unikalny kszta\u0142t w\u0142osia:<\/strong> zapewnia r\u00f3wnomiern\u0105 aplikacj\u0119 kleju i produkt\u00f3w do laminowania.<\/li>\n<\/ul>\n<p>&nbsp;<\/p>\n","protected":false},"excerpt":{"rendered":"<p>P\u0119dzel ten zosta\u0142 zaprojektowany do uk\u0142adania rz\u0119s podczas laminowania, uwzgl\u0119dniaj\u0105c wszystkie potrzeby specjalist\u00f3w! Kompaktowa i wygodna konstrukcja: mocny, ma\u0142y uchwyt&#8230;<\/p>\n","protected":false},"featured_media":7414,"template":"","meta":[],"etheme_brands":[],"product_cat":[128],"product_tag":[],"aioseo_notices":[],"_links":{"self":[{"href":"https:\/\/zola-cosmetics.com\/pl\/wp-json\/wp\/v2\/product\/7418"}],"collection":[{"href":"https:\/\/zola-cosmetics.com\/pl\/wp-json\/wp\/v2\/product"}],"about":[{"href":"https:\/\/zola-cosmetics.com\/pl\/wp-json\/wp\/v2\/types\/product"}],"version-history":[{"count":1,"href":"https:\/\/zola-cosmetics.com\/pl\/wp-json\/wp\/v2\/product\/7418\/revisions"}],"predecessor-version":[{"id":7996,"href":"https:\/\/zola-cosmetics.com\/pl\/wp-json\/wp\/v2\/product\/7418\/revisions\/7996"}],"wp:featuredmedia":[{"embeddable":true,"href":"https:\/\/zola-cosmetics.com\/pl\/wp-json\/wp\/v2\/media\/7414"}],"wp:attachment":[{"href":"https:\/\/zola-cosmetics.com\/pl\/wp-json\/wp\/v2\/media?parent=7418"}],"wp:term":[{"taxonomy":"brand","embeddable":true,"href":"https:\/\/zola-cosmetics.com\/pl\/wp-json\/wp\/v2\/etheme_brands?post=7418"},{"taxonomy":"product_cat","embeddable":true,"href":"https:\/\/zola-cosmetics.com\/pl\/wp-json\/wp\/v2\/product_cat?post=7418"},{"taxonomy":"product_tag","embeddable":true,"href":"https:\/\/zola-cosmetics.com\/pl\/wp-json\/wp\/v2\/product_tag?post=7418"}],"curies":[{"name":"wp","href":"https:\/\/api.w.org\/{rel}","templated":true}]}}