{"id":7411,"date":"2024-12-11T15:09:35","date_gmt":"2024-12-11T15:09:35","guid":{"rendered":"https:\/\/zola-cosmetics.com\/?post_type=product&#038;p=7411"},"modified":"2025-07-26T08:27:37","modified_gmt":"2025-07-26T08:27:37","slug":"zola-walki-do-laminowania-chic-curl-xs-s-m-l-xl","status":"publish","type":"product","link":"https:\/\/zola-cosmetics.com\/pl\/produkt\/zola-walki-do-laminowania-chic-curl-xs-s-m-l-xl\/","title":{"rendered":"ZOLA Wa\u0142ki do laminowania Chic Curl (XS, S, M, L, XL)"},"content":{"rendered":"<p>Wa\u0142eczki do laminowania Chic Curl zosta\u0142y zaprojektowane w taki spos\u00f3b, aby unie\u015b\u0107 rz\u0119sy u nasady, tworz\u0105c naturalny efekt liftingu. Rozmiary od XS do XL umo\u017cliwiaj\u0105 najlepsze uniesienie rz\u0119s o r\u00f3\u017cnej d\u0142ugo\u015bci, dodatkowo podkre\u015blaj\u0105c ich naturalny skr\u0119t. <\/p>\n<p>Jak stosowa\u0107 ZOLA Wa\u0142ki do laminowania:<\/p>\n<ol>\n<li>Przyklej wa\u0142eczki do powiek bezpo\u015brednio u nasady rz\u0119s.<\/li>\n<li>W celu lepszego przymocowania u\u017cyj kleju do laminowania.<\/li>\n<li>Przyklej rz\u0119sy do podk\u0142adek za pomoc\u0105 kleju i specjalnego aplikatora. Unikaj krzy\u017cowania lub sklejania rz\u0119s. <\/li>\n<li>Kontroluj napi\u0119cie i upewnij si\u0119, \u017ce oczy klienta s\u0105 zamkni\u0119te.<\/li>\n<li>Kontynuuj wykonywanie zabiegu laminowania.<\/li>\n<li>Ostro\u017cnie usu\u0144 wa\u0142eczki z powiek za pomoc\u0105 p\u0142atka kosmetycznego nas\u0105czonego \u015brodkiem oczyszczaj\u0105cym.<\/li>\n<\/ol>\n","protected":false},"excerpt":{"rendered":"<p>Wa\u0142eczki do laminowania Chic Curl zosta\u0142y zaprojektowane w taki spos\u00f3b, aby unie\u015b\u0107 rz\u0119sy u nasady, tworz\u0105c naturalny efekt liftingu. Rozmiary&#8230;<\/p>\n","protected":false},"featured_media":7406,"template":"","meta":[],"etheme_brands":[],"product_cat":[199],"product_tag":[],"aioseo_notices":[],"_links":{"self":[{"href":"https:\/\/zola-cosmetics.com\/pl\/wp-json\/wp\/v2\/product\/7411"}],"collection":[{"href":"https:\/\/zola-cosmetics.com\/pl\/wp-json\/wp\/v2\/product"}],"about":[{"href":"https:\/\/zola-cosmetics.com\/pl\/wp-json\/wp\/v2\/types\/product"}],"version-history":[{"count":1,"href":"https:\/\/zola-cosmetics.com\/pl\/wp-json\/wp\/v2\/product\/7411\/revisions"}],"predecessor-version":[{"id":7527,"href":"https:\/\/zola-cosmetics.com\/pl\/wp-json\/wp\/v2\/product\/7411\/revisions\/7527"}],"wp:featuredmedia":[{"embeddable":true,"href":"https:\/\/zola-cosmetics.com\/pl\/wp-json\/wp\/v2\/media\/7406"}],"wp:attachment":[{"href":"https:\/\/zola-cosmetics.com\/pl\/wp-json\/wp\/v2\/media?parent=7411"}],"wp:term":[{"taxonomy":"brand","embeddable":true,"href":"https:\/\/zola-cosmetics.com\/pl\/wp-json\/wp\/v2\/etheme_brands?post=7411"},{"taxonomy":"product_cat","embeddable":true,"href":"https:\/\/zola-cosmetics.com\/pl\/wp-json\/wp\/v2\/product_cat?post=7411"},{"taxonomy":"product_tag","embeddable":true,"href":"https:\/\/zola-cosmetics.com\/pl\/wp-json\/wp\/v2\/product_tag?post=7411"}],"curies":[{"name":"wp","href":"https:\/\/api.w.org\/{rel}","templated":true}]}}