{"id":7401,"date":"2024-12-11T15:09:35","date_gmt":"2024-12-11T15:09:35","guid":{"rendered":"https:\/\/zola-cosmetics.com\/?post_type=product&#038;p=7401"},"modified":"2026-03-29T15:58:39","modified_gmt":"2026-03-29T15:58:39","slug":"zola-x-romashka-okragly-pedzel-platkowy-do-brwi-i-rzes-02","status":"publish","type":"product","link":"https:\/\/zola-cosmetics.com\/pl\/produkt\/zola-x-romashka-okragly-pedzel-platkowy-do-brwi-i-rzes-02\/","title":{"rendered":"ZOLA x Romashka Okr\u0105g\u0142y p\u0119dzel p\u0142atkowy do brwi i rz\u0119s 02"},"content":{"rendered":"<p><strong>ZOLA x Romashka Okr\u0105g\u0142y p\u0119dzel p\u0142atkowy do brwi i rz\u0119s 02:<\/strong><br \/>\nOkr\u0105g\u0142y p\u0119dzel p\u0142atkowy zosta\u0142 zaprojektowany do r\u00f3wnomiernego oraz szybkiego nak\u0142adania produkt\u00f3w na brwi i rz\u0119sy. Zaokr\u0105glony kszta\u0142t pozwala dok\u0142adnie rozprowadzi\u0107 produkty, zapewniaj\u0105c doskona\u0142y efekt podczas zabiegu laminowania lub koloryzacji.<\/p>\n<p><strong>Materia\u0142 w\u0142osia: <\/strong>syntetyczny.<\/p>\n","protected":false},"excerpt":{"rendered":"<p>ZOLA x Romashka Okr\u0105g\u0142y p\u0119dzel p\u0142atkowy do brwi i rz\u0119s 02: Okr\u0105g\u0142y p\u0119dzel p\u0142atkowy zosta\u0142 zaprojektowany do r\u00f3wnomiernego oraz szybkiego&#8230;<\/p>\n","protected":false},"featured_media":7398,"template":"","meta":[],"etheme_brands":[],"product_cat":[128],"product_tag":[],"aioseo_notices":[],"_links":{"self":[{"href":"https:\/\/zola-cosmetics.com\/pl\/wp-json\/wp\/v2\/product\/7401"}],"collection":[{"href":"https:\/\/zola-cosmetics.com\/pl\/wp-json\/wp\/v2\/product"}],"about":[{"href":"https:\/\/zola-cosmetics.com\/pl\/wp-json\/wp\/v2\/types\/product"}],"version-history":[{"count":2,"href":"https:\/\/zola-cosmetics.com\/pl\/wp-json\/wp\/v2\/product\/7401\/revisions"}],"predecessor-version":[{"id":8053,"href":"https:\/\/zola-cosmetics.com\/pl\/wp-json\/wp\/v2\/product\/7401\/revisions\/8053"}],"wp:featuredmedia":[{"embeddable":true,"href":"https:\/\/zola-cosmetics.com\/pl\/wp-json\/wp\/v2\/media\/7398"}],"wp:attachment":[{"href":"https:\/\/zola-cosmetics.com\/pl\/wp-json\/wp\/v2\/media?parent=7401"}],"wp:term":[{"taxonomy":"brand","embeddable":true,"href":"https:\/\/zola-cosmetics.com\/pl\/wp-json\/wp\/v2\/etheme_brands?post=7401"},{"taxonomy":"product_cat","embeddable":true,"href":"https:\/\/zola-cosmetics.com\/pl\/wp-json\/wp\/v2\/product_cat?post=7401"},{"taxonomy":"product_tag","embeddable":true,"href":"https:\/\/zola-cosmetics.com\/pl\/wp-json\/wp\/v2\/product_tag?post=7401"}],"curies":[{"name":"wp","href":"https:\/\/api.w.org\/{rel}","templated":true}]}}