{"id":7396,"date":"2024-12-11T15:09:35","date_gmt":"2024-12-11T15:09:35","guid":{"rendered":"https:\/\/zola-cosmetics.com\/?post_type=product&#038;p=7396"},"modified":"2026-03-30T09:38:30","modified_gmt":"2026-03-30T09:38:30","slug":"zola-walki-do-laminowania-prism-lash-l-curl-do-gornych-i-dolnych-rzes","status":"publish","type":"product","link":"https:\/\/zola-cosmetics.com\/pl\/produkt\/zola-walki-do-laminowania-prism-lash-l-curl-do-gornych-i-dolnych-rzes\/","title":{"rendered":"ZOLA Wa\u0142ki do laminowania Prism Lash L-Curl do g\u00f3rnych i dolnych rz\u0119s"},"content":{"rendered":"<p>ZOLA Wa\u0142ki do laminowania Prism Lash L-Curl do g\u00f3rnych i dolnych rz\u0119s zosta\u0142y zaprojektowane tak, aby uzyska\u0107 atrakcyjny skr\u0119t L. Idealnie nadaj\u0105 si\u0119 dla os\u00f3b, kt\u00f3re pragn\u0105 podkre\u015bli\u0107 i wyd\u0142u\u017cy\u0107 wizualnie swoje rz\u0119sy. Opr\u00f3cz wa\u0142eczk\u00f3w do g\u00f3rnych rz\u0119s, zestaw zawiera r\u00f3wnie\u017c wa\u0142eczki do dolnych rz\u0119s.<\/p>\n<p>Jak stosowa\u0107 ZOLA Wa\u0142ki do laminowania:<\/p>\n<ol>\n<li>Przyklej wa\u0142eczki do powiek bezpo\u015brednio u nasady rz\u0119s.<\/li>\n<li>W celu lepszego przymocowania u\u017cyj kleju do laminowania.<\/li>\n<li>Umie\u015b\u0107 rz\u0119sy na podk\u0142adkach za pomoc\u0105 kleju i specjalnego aplikatora. Unikaj krzy\u017cowania lub sklejania rz\u0119s.<\/li>\n<li>Kontroluj napi\u0119cie i upewnij si\u0119, \u017ce oczy klienta s\u0105 zamkni\u0119te.<\/li>\n<li>Kontynuuj wykonywanie zabiegu laminowania.<\/li>\n<li>Ostro\u017cnie usu\u0144 wa\u0142eczki z powiek za pomoc\u0105 p\u0142atka kosmetycznego nas\u0105czonego \u015brodkiem oczyszczaj\u0105cym.<\/li>\n<\/ol>\n","protected":false},"excerpt":{"rendered":"<p>ZOLA Wa\u0142ki do laminowania Prism Lash L-Curl do g\u00f3rnych i dolnych rz\u0119s zosta\u0142y zaprojektowane tak, aby uzyska\u0107 atrakcyjny skr\u0119t L&#8230;.<\/p>\n","protected":false},"featured_media":7388,"template":"","meta":[],"etheme_brands":[],"product_cat":[199],"product_tag":[],"aioseo_notices":[],"_links":{"self":[{"href":"https:\/\/zola-cosmetics.com\/pl\/wp-json\/wp\/v2\/product\/7396"}],"collection":[{"href":"https:\/\/zola-cosmetics.com\/pl\/wp-json\/wp\/v2\/product"}],"about":[{"href":"https:\/\/zola-cosmetics.com\/pl\/wp-json\/wp\/v2\/types\/product"}],"version-history":[{"count":1,"href":"https:\/\/zola-cosmetics.com\/pl\/wp-json\/wp\/v2\/product\/7396\/revisions"}],"predecessor-version":[{"id":7524,"href":"https:\/\/zola-cosmetics.com\/pl\/wp-json\/wp\/v2\/product\/7396\/revisions\/7524"}],"wp:featuredmedia":[{"embeddable":true,"href":"https:\/\/zola-cosmetics.com\/pl\/wp-json\/wp\/v2\/media\/7388"}],"wp:attachment":[{"href":"https:\/\/zola-cosmetics.com\/pl\/wp-json\/wp\/v2\/media?parent=7396"}],"wp:term":[{"taxonomy":"brand","embeddable":true,"href":"https:\/\/zola-cosmetics.com\/pl\/wp-json\/wp\/v2\/etheme_brands?post=7396"},{"taxonomy":"product_cat","embeddable":true,"href":"https:\/\/zola-cosmetics.com\/pl\/wp-json\/wp\/v2\/product_cat?post=7396"},{"taxonomy":"product_tag","embeddable":true,"href":"https:\/\/zola-cosmetics.com\/pl\/wp-json\/wp\/v2\/product_tag?post=7396"}],"curies":[{"name":"wp","href":"https:\/\/api.w.org\/{rel}","templated":true}]}}