{"id":7385,"date":"2024-12-11T15:09:35","date_gmt":"2024-12-11T15:09:35","guid":{"rendered":"https:\/\/zola-cosmetics.com\/?post_type=product&#038;p=7385"},"modified":"2026-03-08T12:16:21","modified_gmt":"2026-03-08T12:16:21","slug":"zola-walki-do-laminowania-jelly-l-curl-do-gornych-i-dolnych-rzes","status":"publish","type":"product","link":"https:\/\/zola-cosmetics.com\/pl\/produkt\/zola-walki-do-laminowania-jelly-l-curl-do-gornych-i-dolnych-rzes\/","title":{"rendered":"ZOLA Wa\u0142ki do laminowania Jelly L-Curl do g\u00f3rnych i dolnych rz\u0119s"},"content":{"rendered":"<p>Jelly L-Curl Pads s\u0105 dost\u0119pne w zestawie kilku rodzaj\u00f3w, kt\u00f3re s\u0105 idealne do laminowania zar\u00f3wno g\u00f3rnych, jak i dolnych rz\u0119s, zapewniaj\u0105c wyra\u017an\u0105 krzyw\u0105 L, kt\u00f3ra podkre\u015bla i wyd\u0142u\u017ca spojrzenie, czyni\u0105c je otwartym i zach\u0119caj\u0105cym.<\/p>\n<p>Jak stosowa\u0107 ZOLA Wa\u0142ki do laminowania:<\/p>\n<ol>\n<li>Przyklej wa\u0142eczki do powiek bezpo\u015brednio u nasady rz\u0119s.<\/li>\n<li>W celu lepszego przymocowania u\u017cyj kleju do laminowania.<\/li>\n<li>Umie\u015b\u0107 rz\u0119sy na podk\u0142adkach za pomoc\u0105 kleju i specjalnego aplikatora. Unikaj krzy\u017cowania lub sklejania rz\u0119s.<\/li>\n<li>Kontroluj napi\u0119cie i upewnij si\u0119, \u017ce oczy klienta s\u0105 zamkni\u0119te.<\/li>\n<li>Kontynuuj wykonywanie zabiegu laminowania.<\/li>\n<li>Ostro\u017cnie usu\u0144 wa\u0142eczki z powiek za pomoc\u0105 p\u0142atka kosmetycznego nas\u0105czonego \u015brodkiem oczyszczaj\u0105cym.<\/li>\n<\/ol>\n","protected":false},"excerpt":{"rendered":"<p>Jelly L-Curl Pads s\u0105 dost\u0119pne w zestawie kilku rodzaj\u00f3w, kt\u00f3re s\u0105 idealne do laminowania zar\u00f3wno g\u00f3rnych, jak i dolnych rz\u0119s,&#8230;<\/p>\n","protected":false},"featured_media":7379,"template":"","meta":[],"etheme_brands":[],"product_cat":[198],"product_tag":[],"aioseo_notices":[],"_links":{"self":[{"href":"https:\/\/zola-cosmetics.com\/pl\/wp-json\/wp\/v2\/product\/7385"}],"collection":[{"href":"https:\/\/zola-cosmetics.com\/pl\/wp-json\/wp\/v2\/product"}],"about":[{"href":"https:\/\/zola-cosmetics.com\/pl\/wp-json\/wp\/v2\/types\/product"}],"version-history":[{"count":1,"href":"https:\/\/zola-cosmetics.com\/pl\/wp-json\/wp\/v2\/product\/7385\/revisions"}],"predecessor-version":[{"id":7529,"href":"https:\/\/zola-cosmetics.com\/pl\/wp-json\/wp\/v2\/product\/7385\/revisions\/7529"}],"wp:featuredmedia":[{"embeddable":true,"href":"https:\/\/zola-cosmetics.com\/pl\/wp-json\/wp\/v2\/media\/7379"}],"wp:attachment":[{"href":"https:\/\/zola-cosmetics.com\/pl\/wp-json\/wp\/v2\/media?parent=7385"}],"wp:term":[{"taxonomy":"brand","embeddable":true,"href":"https:\/\/zola-cosmetics.com\/pl\/wp-json\/wp\/v2\/etheme_brands?post=7385"},{"taxonomy":"product_cat","embeddable":true,"href":"https:\/\/zola-cosmetics.com\/pl\/wp-json\/wp\/v2\/product_cat?post=7385"},{"taxonomy":"product_tag","embeddable":true,"href":"https:\/\/zola-cosmetics.com\/pl\/wp-json\/wp\/v2\/product_tag?post=7385"}],"curies":[{"name":"wp","href":"https:\/\/api.w.org\/{rel}","templated":true}]}}