{"id":7376,"date":"2024-12-11T15:09:35","date_gmt":"2024-12-11T15:09:35","guid":{"rendered":"https:\/\/zola-cosmetics.com\/?post_type=product&#038;p=7376"},"modified":"2025-07-26T08:27:37","modified_gmt":"2025-07-26T08:27:37","slug":"zola-walki-do-laminowania-glamour-flex-s-s-m-m-l-l","status":"publish","type":"product","link":"https:\/\/zola-cosmetics.com\/pl\/produkt\/zola-walki-do-laminowania-glamour-flex-s-s-m-m-l-l\/","title":{"rendered":"ZOLA Wa\u0142ki do laminowania Glamour Flex (S, S+, M, M+, L, L+)"},"content":{"rendered":"<p>Niezwykle mi\u0119kkie wa\u0142eczki skr\u0119t L zapewniaj\u0105 maksymalny komfort i doskonale nadaj\u0105 si\u0119 do tworzenia trendowych stylizacji.<\/p>\n<p>Jak stosowa\u0107 ZOLA Wa\u0142ki do laminowania:<\/p>\n<ol>\n<li>Przyklej wa\u0142eczki do powiek bezpo\u015brednio u nasady rz\u0119s.<\/li>\n<li>W celu lepszego przymocowania u\u017cyj kleju do laminowania.<\/li>\n<li>Umie\u015b\u0107 rz\u0119sy na podk\u0142adkach za pomoc\u0105 kleju i specjalnego aplikatora. Unikaj krzy\u017cowania lub sklejania rz\u0119s.<\/li>\n<li>Kontroluj napi\u0119cie i upewnij si\u0119, \u017ce oczy klienta s\u0105 zamkni\u0119te.<\/li>\n<li>Kontynuuj wykonywanie zabiegu laminowania.<\/li>\n<li>Ostro\u017cnie usu\u0144 wa\u0142eczki z powiek za pomoc\u0105 p\u0142atka kosmetycznego nas\u0105czonego \u015brodkiem oczyszczaj\u0105cym.<\/li>\n<\/ol>\n","protected":false},"excerpt":{"rendered":"<p>Niezwykle mi\u0119kkie wa\u0142eczki skr\u0119t L zapewniaj\u0105 maksymalny komfort i doskonale nadaj\u0105 si\u0119 do tworzenia trendowych stylizacji. Jak stosowa\u0107 ZOLA Wa\u0142ki&#8230;<\/p>\n","protected":false},"featured_media":7372,"template":"","meta":[],"etheme_brands":[],"product_cat":[199],"product_tag":[],"aioseo_notices":[],"_links":{"self":[{"href":"https:\/\/zola-cosmetics.com\/pl\/wp-json\/wp\/v2\/product\/7376"}],"collection":[{"href":"https:\/\/zola-cosmetics.com\/pl\/wp-json\/wp\/v2\/product"}],"about":[{"href":"https:\/\/zola-cosmetics.com\/pl\/wp-json\/wp\/v2\/types\/product"}],"version-history":[{"count":1,"href":"https:\/\/zola-cosmetics.com\/pl\/wp-json\/wp\/v2\/product\/7376\/revisions"}],"predecessor-version":[{"id":7525,"href":"https:\/\/zola-cosmetics.com\/pl\/wp-json\/wp\/v2\/product\/7376\/revisions\/7525"}],"wp:featuredmedia":[{"embeddable":true,"href":"https:\/\/zola-cosmetics.com\/pl\/wp-json\/wp\/v2\/media\/7372"}],"wp:attachment":[{"href":"https:\/\/zola-cosmetics.com\/pl\/wp-json\/wp\/v2\/media?parent=7376"}],"wp:term":[{"taxonomy":"brand","embeddable":true,"href":"https:\/\/zola-cosmetics.com\/pl\/wp-json\/wp\/v2\/etheme_brands?post=7376"},{"taxonomy":"product_cat","embeddable":true,"href":"https:\/\/zola-cosmetics.com\/pl\/wp-json\/wp\/v2\/product_cat?post=7376"},{"taxonomy":"product_tag","embeddable":true,"href":"https:\/\/zola-cosmetics.com\/pl\/wp-json\/wp\/v2\/product_tag?post=7376"}],"curies":[{"name":"wp","href":"https:\/\/api.w.org\/{rel}","templated":true}]}}