{"id":7350,"date":"2024-12-11T15:09:35","date_gmt":"2024-12-11T15:09:35","guid":{"rendered":"https:\/\/zola-cosmetics.com\/?post_type=product&#038;p=7350"},"modified":"2025-07-26T08:27:37","modified_gmt":"2025-07-26T08:27:37","slug":"zola-x-romashka-profesjonalny-zestaw-pedzli-do-brwi-i-rzes","status":"publish","type":"product","link":"https:\/\/zola-cosmetics.com\/pl\/produkt\/zola-x-romashka-profesjonalny-zestaw-pedzli-do-brwi-i-rzes\/","title":{"rendered":"ZOLA x Romashka Profesjonalny zestaw p\u0119dzli do brwi i rz\u0119s"},"content":{"rendered":"<p><strong>ZOLA x Romashka Profesjonalny zestaw p\u0119dzli do brwi i rz\u0119s<\/strong>:<br \/>\nProfesjonalny zestaw zawiera p\u0119dzle Dagger i Petal, kt\u00f3re stanowi\u0105 doskona\u0142y wyb\u00f3r do stylizacji brwi i rz\u0119s. Te p\u0119dzle umo\u017cliwiaj\u0105 wykonywanie szerokiego zakresu zabieg\u00f3w, od koloryzacji po laminacj\u0119, zapewniaj\u0105c profesjonalne rezultaty przy ka\u017cdym zastosowaniu.<\/p>\n<p><strong>Materia\u0142 w\u0142osia<\/strong>: syntetyczny.<\/p>\n<p>Zalecenia Anny Romaszenko dotycz\u0105ce u\u017cytkowania p\u0119dzli:<\/p>\n<ul>\n<li>P\u0119dzel sztyletowy sko\u015bny \u2014 Anna zaleca stosowanie go do tworzenia prostych linii podczas nak\u0142adania pierwszego sk\u0142adnika do laminacji rz\u0119s oraz do koloryzacji brwi w celu uzyskania precyzyjnych linii.<\/li>\n<li>Okr\u0105g\u0142y p\u0119dzel p\u0142atkowy \u2014 u\u017cywany przez Ann\u0119, najlepszego specjalist\u0119, do nak\u0142adania drugiego sk\u0142adnika do laminacji, co zdecydowanie przyspiesza ten ca\u0142y zabieg.<\/li>\n<\/ul>\n","protected":false},"excerpt":{"rendered":"<p>ZOLA x Romashka Profesjonalny zestaw p\u0119dzli do brwi i rz\u0119s: Profesjonalny zestaw zawiera p\u0119dzle Dagger i Petal, kt\u00f3re stanowi\u0105 doskona\u0142y&#8230;<\/p>\n","protected":false},"featured_media":7348,"template":"","meta":[],"etheme_brands":[],"product_cat":[128],"product_tag":[],"aioseo_notices":[],"_links":{"self":[{"href":"https:\/\/zola-cosmetics.com\/pl\/wp-json\/wp\/v2\/product\/7350"}],"collection":[{"href":"https:\/\/zola-cosmetics.com\/pl\/wp-json\/wp\/v2\/product"}],"about":[{"href":"https:\/\/zola-cosmetics.com\/pl\/wp-json\/wp\/v2\/types\/product"}],"version-history":[{"count":1,"href":"https:\/\/zola-cosmetics.com\/pl\/wp-json\/wp\/v2\/product\/7350\/revisions"}],"predecessor-version":[{"id":7354,"href":"https:\/\/zola-cosmetics.com\/pl\/wp-json\/wp\/v2\/product\/7350\/revisions\/7354"}],"wp:featuredmedia":[{"embeddable":true,"href":"https:\/\/zola-cosmetics.com\/pl\/wp-json\/wp\/v2\/media\/7348"}],"wp:attachment":[{"href":"https:\/\/zola-cosmetics.com\/pl\/wp-json\/wp\/v2\/media?parent=7350"}],"wp:term":[{"taxonomy":"brand","embeddable":true,"href":"https:\/\/zola-cosmetics.com\/pl\/wp-json\/wp\/v2\/etheme_brands?post=7350"},{"taxonomy":"product_cat","embeddable":true,"href":"https:\/\/zola-cosmetics.com\/pl\/wp-json\/wp\/v2\/product_cat?post=7350"},{"taxonomy":"product_tag","embeddable":true,"href":"https:\/\/zola-cosmetics.com\/pl\/wp-json\/wp\/v2\/product_tag?post=7350"}],"curies":[{"name":"wp","href":"https:\/\/api.w.org\/{rel}","templated":true}]}}