{"id":6145,"date":"2024-01-09T20:38:53","date_gmt":"2024-01-09T20:38:53","guid":{"rendered":"https:\/\/zola-cosmetics.com\/product\/zola-eyebrow-line\/"},"modified":"2026-01-22T21:51:07","modified_gmt":"2026-01-22T21:51:07","slug":"zola-eyebrow-line","status":"publish","type":"product","link":"https:\/\/zola-cosmetics.com\/pl\/produkt\/zola-eyebrow-line\/","title":{"rendered":"ZOLA Linijka do brwi"},"content":{"rendered":"<p>Przezroczysta, zakrzywiona linijka do brwi z oznaczeniami u\u0142atwia i przyspiesza proces modelowania brwi. To niezb\u0119dne narz\u0119dzie dla ka\u017cdej dziewczyny, kt\u00f3ra pragnie osi\u0105gn\u0105\u0107 idealn\u0105 symetri\u0119 i kszta\u0142t. Linijka do brwi wykonana jest z wysokiej jako\u015bci elastycznego materia\u0142u i uzupe\u0142niona specjaln\u0105 gumk\u0105. Eliminuje to konieczno\u015b\u0107 trzymania produktu podczas ca\u0142ego procesu modelowania i uwalnia obie r\u0119ce.<\/p>\n","protected":false},"excerpt":{"rendered":"<p>Przezroczysta, zakrzywiona linijka do brwi z oznaczeniami u\u0142atwia i przyspiesza proces modelowania brwi. To niezb\u0119dne narz\u0119dzie dla ka\u017cdej dziewczyny, kt\u00f3ra&#8230;<\/p>\n","protected":false},"featured_media":4360,"template":"","meta":[],"etheme_brands":[],"product_cat":[126,134],"product_tag":[],"aioseo_notices":[],"_links":{"self":[{"href":"https:\/\/zola-cosmetics.com\/pl\/wp-json\/wp\/v2\/product\/6145"}],"collection":[{"href":"https:\/\/zola-cosmetics.com\/pl\/wp-json\/wp\/v2\/product"}],"about":[{"href":"https:\/\/zola-cosmetics.com\/pl\/wp-json\/wp\/v2\/types\/product"}],"version-history":[{"count":1,"href":"https:\/\/zola-cosmetics.com\/pl\/wp-json\/wp\/v2\/product\/6145\/revisions"}],"predecessor-version":[{"id":6349,"href":"https:\/\/zola-cosmetics.com\/pl\/wp-json\/wp\/v2\/product\/6145\/revisions\/6349"}],"wp:featuredmedia":[{"embeddable":true,"href":"https:\/\/zola-cosmetics.com\/pl\/wp-json\/wp\/v2\/media\/4360"}],"wp:attachment":[{"href":"https:\/\/zola-cosmetics.com\/pl\/wp-json\/wp\/v2\/media?parent=6145"}],"wp:term":[{"taxonomy":"brand","embeddable":true,"href":"https:\/\/zola-cosmetics.com\/pl\/wp-json\/wp\/v2\/etheme_brands?post=6145"},{"taxonomy":"product_cat","embeddable":true,"href":"https:\/\/zola-cosmetics.com\/pl\/wp-json\/wp\/v2\/product_cat?post=6145"},{"taxonomy":"product_tag","embeddable":true,"href":"https:\/\/zola-cosmetics.com\/pl\/wp-json\/wp\/v2\/product_tag?post=6145"}],"curies":[{"name":"wp","href":"https:\/\/api.w.org\/{rel}","templated":true}]}}