{"id":6143,"date":"2024-01-09T20:38:53","date_gmt":"2024-01-09T20:38:53","guid":{"rendered":"https:\/\/zola-cosmetics.com\/product\/zola-eyebrow-scrub-100ml\/"},"modified":"2025-11-24T09:12:00","modified_gmt":"2025-11-24T09:12:00","slug":"zola-eyebrow-scrub-100ml","status":"publish","type":"product","link":"https:\/\/zola-cosmetics.com\/pl\/produkt\/zola-eyebrow-scrub-100ml\/","title":{"rendered":"ZOLA Peeling do brwi 100ml"},"content":{"rendered":"<p>Peeling do brwi ZOLA to specjalny produkt do oczyszczania sk\u00f3ry ze stratum corneum oraz nawil\u017cania sk\u00f3ry w okolicy brwi.<br \/>\nPeeling delikatnie oczyszcza sk\u00f3r\u0119, a tak\u017ce, dzi\u0119ki kompleksowi olej\u00f3w, nawil\u017ca j\u0105, co prowadzi do bardziej r\u00f3wnomiernego zabarwienia.<br \/>\nProdukt zawiera sk\u0142adniki o dzia\u0142aniu przeciwzapalnym, od\u017cywiaj\u0105ce i nawil\u017caj\u0105ce sk\u00f3r\u0119 oraz w\u0142oski, wzmacniaj\u0105ce wzrost w\u0142os\u00f3w i wype\u0142niaj\u0105ce je wilgoci\u0105.<\/p>\n","protected":false},"excerpt":{"rendered":"<p>Peeling do brwi ZOLA to specjalny produkt do oczyszczania sk\u00f3ry ze stratum corneum oraz nawil\u017cania sk\u00f3ry w okolicy brwi. Peeling&#8230;<\/p>\n","protected":false},"featured_media":7818,"template":"","meta":[],"etheme_brands":[],"product_cat":[126,134],"product_tag":[197],"aioseo_notices":[],"_links":{"self":[{"href":"https:\/\/zola-cosmetics.com\/pl\/wp-json\/wp\/v2\/product\/6143"}],"collection":[{"href":"https:\/\/zola-cosmetics.com\/pl\/wp-json\/wp\/v2\/product"}],"about":[{"href":"https:\/\/zola-cosmetics.com\/pl\/wp-json\/wp\/v2\/types\/product"}],"version-history":[{"count":1,"href":"https:\/\/zola-cosmetics.com\/pl\/wp-json\/wp\/v2\/product\/6143\/revisions"}],"predecessor-version":[{"id":6351,"href":"https:\/\/zola-cosmetics.com\/pl\/wp-json\/wp\/v2\/product\/6143\/revisions\/6351"}],"wp:featuredmedia":[{"embeddable":true,"href":"https:\/\/zola-cosmetics.com\/pl\/wp-json\/wp\/v2\/media\/7818"}],"wp:attachment":[{"href":"https:\/\/zola-cosmetics.com\/pl\/wp-json\/wp\/v2\/media?parent=6143"}],"wp:term":[{"taxonomy":"brand","embeddable":true,"href":"https:\/\/zola-cosmetics.com\/pl\/wp-json\/wp\/v2\/etheme_brands?post=6143"},{"taxonomy":"product_cat","embeddable":true,"href":"https:\/\/zola-cosmetics.com\/pl\/wp-json\/wp\/v2\/product_cat?post=6143"},{"taxonomy":"product_tag","embeddable":true,"href":"https:\/\/zola-cosmetics.com\/pl\/wp-json\/wp\/v2\/product_tag?post=6143"}],"curies":[{"name":"wp","href":"https:\/\/api.w.org\/{rel}","templated":true}]}}