{"id":6142,"date":"2024-01-09T20:38:54","date_gmt":"2024-01-09T20:38:54","guid":{"rendered":"https:\/\/zola-cosmetics.com\/product\/zola-eyebrow-shampoo\/"},"modified":"2025-07-26T08:28:41","modified_gmt":"2025-07-26T08:28:41","slug":"zola-eyebrow-shampoo","status":"publish","type":"product","link":"https:\/\/zola-cosmetics.com\/pl\/produkt\/zola-eyebrow-shampoo\/","title":{"rendered":"ZOLA Szampon do brwi"},"content":{"rendered":"<p>Szampon do oczyszczania w\u0142osk\u00f3w brwi ZOLA to specjalny produkt do oczyszczania w\u0142osk\u00f3w i obszaru brwi, a tak\u017ce do nawil\u017cania sk\u00f3ry w okolicy brwi. Szampon delikatnie oczyszcza sk\u00f3r\u0119 i brwi, a tak\u017ce, dzi\u0119ki kompleksowi olej\u00f3w, nawil\u017ca j\u0105 i wzmacnia mieszki w\u0142osowe, pomaga uczyni\u0107 w\u0142oski g\u0142adziej, przywraca ich tekstur\u0119.<\/p>\n","protected":false},"excerpt":{"rendered":"<p>Szampon do oczyszczania w\u0142osk\u00f3w brwi ZOLA to specjalny produkt do oczyszczania w\u0142osk\u00f3w i obszaru brwi, a tak\u017ce do nawil\u017cania sk\u00f3ry&#8230;<\/p>\n","protected":false},"featured_media":7814,"template":"","meta":[],"etheme_brands":[],"product_cat":[126,134],"product_tag":[197],"aioseo_notices":[],"_links":{"self":[{"href":"https:\/\/zola-cosmetics.com\/pl\/wp-json\/wp\/v2\/product\/6142"}],"collection":[{"href":"https:\/\/zola-cosmetics.com\/pl\/wp-json\/wp\/v2\/product"}],"about":[{"href":"https:\/\/zola-cosmetics.com\/pl\/wp-json\/wp\/v2\/types\/product"}],"version-history":[{"count":1,"href":"https:\/\/zola-cosmetics.com\/pl\/wp-json\/wp\/v2\/product\/6142\/revisions"}],"predecessor-version":[{"id":6352,"href":"https:\/\/zola-cosmetics.com\/pl\/wp-json\/wp\/v2\/product\/6142\/revisions\/6352"}],"wp:featuredmedia":[{"embeddable":true,"href":"https:\/\/zola-cosmetics.com\/pl\/wp-json\/wp\/v2\/media\/7814"}],"wp:attachment":[{"href":"https:\/\/zola-cosmetics.com\/pl\/wp-json\/wp\/v2\/media?parent=6142"}],"wp:term":[{"taxonomy":"brand","embeddable":true,"href":"https:\/\/zola-cosmetics.com\/pl\/wp-json\/wp\/v2\/etheme_brands?post=6142"},{"taxonomy":"product_cat","embeddable":true,"href":"https:\/\/zola-cosmetics.com\/pl\/wp-json\/wp\/v2\/product_cat?post=6142"},{"taxonomy":"product_tag","embeddable":true,"href":"https:\/\/zola-cosmetics.com\/pl\/wp-json\/wp\/v2\/product_tag?post=6142"}],"curies":[{"name":"wp","href":"https:\/\/api.w.org\/{rel}","templated":true}]}}