{"id":6136,"date":"2024-01-09T20:38:56","date_gmt":"2024-01-09T20:38:56","guid":{"rendered":"https:\/\/zola-cosmetics.com\/product\/zola-sponge-super-soft-pink-beveled\/"},"modified":"2025-07-26T08:28:41","modified_gmt":"2025-07-26T08:28:41","slug":"zola-sponge-super-soft-pink-beveled","status":"publish","type":"product","link":"https:\/\/zola-cosmetics.com\/pl\/produkt\/zola-sponge-super-soft-pink-beveled\/","title":{"rendered":"ZOLA Bardzo mi\u0119kka r\u00f3\u017cowa g\u0105bka \u015bci\u0119ta"},"content":{"rendered":"<p>Super mi\u0119kka, sto\u017ckowata g\u0105bka w kszta\u0142cie kropli wykonana jest z wysokiej jako\u015bci lateksu, kt\u00f3ry jest hipoalergiczny, mocny i trwa\u0142y. Dzi\u0119ki szerokiej stronie \u0142atwo rozprowadzisz podk\u0142ad na ca\u0142ej powierzchni twarzy, a dzi\u0119ki spiczastemu ko\u0144cowi i sto\u017ckowej formie mo\u017cesz pracowa\u0107 na mniejszych obszarach.<\/p>\n","protected":false},"excerpt":{"rendered":"<p>Super mi\u0119kka, sto\u017ckowata g\u0105bka w kszta\u0142cie kropli wykonana jest z wysokiej jako\u015bci lateksu, kt\u00f3ry jest hipoalergiczny, mocny i trwa\u0142y. Dzi\u0119ki&#8230;<\/p>\n","protected":false},"featured_media":4442,"template":"","meta":[],"etheme_brands":[],"product_cat":[147,141],"product_tag":[],"aioseo_notices":[],"_links":{"self":[{"href":"https:\/\/zola-cosmetics.com\/pl\/wp-json\/wp\/v2\/product\/6136"}],"collection":[{"href":"https:\/\/zola-cosmetics.com\/pl\/wp-json\/wp\/v2\/product"}],"about":[{"href":"https:\/\/zola-cosmetics.com\/pl\/wp-json\/wp\/v2\/types\/product"}],"version-history":[{"count":1,"href":"https:\/\/zola-cosmetics.com\/pl\/wp-json\/wp\/v2\/product\/6136\/revisions"}],"predecessor-version":[{"id":6358,"href":"https:\/\/zola-cosmetics.com\/pl\/wp-json\/wp\/v2\/product\/6136\/revisions\/6358"}],"wp:featuredmedia":[{"embeddable":true,"href":"https:\/\/zola-cosmetics.com\/pl\/wp-json\/wp\/v2\/media\/4442"}],"wp:attachment":[{"href":"https:\/\/zola-cosmetics.com\/pl\/wp-json\/wp\/v2\/media?parent=6136"}],"wp:term":[{"taxonomy":"brand","embeddable":true,"href":"https:\/\/zola-cosmetics.com\/pl\/wp-json\/wp\/v2\/etheme_brands?post=6136"},{"taxonomy":"product_cat","embeddable":true,"href":"https:\/\/zola-cosmetics.com\/pl\/wp-json\/wp\/v2\/product_cat?post=6136"},{"taxonomy":"product_tag","embeddable":true,"href":"https:\/\/zola-cosmetics.com\/pl\/wp-json\/wp\/v2\/product_tag?post=6136"}],"curies":[{"name":"wp","href":"https:\/\/api.w.org\/{rel}","templated":true}]}}