{"id":6130,"date":"2024-01-09T20:38:57","date_gmt":"2024-01-09T20:38:57","guid":{"rendered":"https:\/\/zola-cosmetics.com\/product\/zola-super-soft-pink-and-white-beveled-sponge\/"},"modified":"2026-02-16T13:23:09","modified_gmt":"2026-02-16T13:23:09","slug":"zola-super-soft-pink-and-white-beveled-sponge","status":"publish","type":"product","link":"https:\/\/zola-cosmetics.com\/pl\/produkt\/zola-super-soft-pink-and-white-beveled-sponge\/","title":{"rendered":"ZOLA Bardzo mi\u0119kka \u015bci\u0119ta g\u0105bka R\u00f3\u017cowo-Bia\u0142a"},"content":{"rendered":"<p>Super mi\u0119kka g\u0105bka w kszta\u0142cie sto\u017cka jest wykonana z wysokiej jako\u015bci lateksu, kt\u00f3ry jest hipoalergiczny, wytrzyma\u0142y i d\u0142ugotrwa\u0142y. Dzi\u0119ki szerokiej stronie \u0142atwo rozprowadzisz podk\u0142ad na ca\u0142ej powierzchni twarzy, a dzi\u0119ki spiczastemu ko\u0144cowi i sto\u017ckowej formie b\u0119dziesz m\u00f3g\u0142 pracowa\u0107 na mniejszych obszarach.<\/p>\n","protected":false},"excerpt":{"rendered":"<p>Super mi\u0119kka g\u0105bka w kszta\u0142cie sto\u017cka jest wykonana z wysokiej jako\u015bci lateksu, kt\u00f3ry jest hipoalergiczny, wytrzyma\u0142y i d\u0142ugotrwa\u0142y. Dzi\u0119ki szerokiej&#8230;<\/p>\n","protected":false},"featured_media":4466,"template":"","meta":[],"etheme_brands":[],"product_cat":[147,141],"product_tag":[],"aioseo_notices":[],"_links":{"self":[{"href":"https:\/\/zola-cosmetics.com\/pl\/wp-json\/wp\/v2\/product\/6130"}],"collection":[{"href":"https:\/\/zola-cosmetics.com\/pl\/wp-json\/wp\/v2\/product"}],"about":[{"href":"https:\/\/zola-cosmetics.com\/pl\/wp-json\/wp\/v2\/types\/product"}],"version-history":[{"count":1,"href":"https:\/\/zola-cosmetics.com\/pl\/wp-json\/wp\/v2\/product\/6130\/revisions"}],"predecessor-version":[{"id":6364,"href":"https:\/\/zola-cosmetics.com\/pl\/wp-json\/wp\/v2\/product\/6130\/revisions\/6364"}],"wp:featuredmedia":[{"embeddable":true,"href":"https:\/\/zola-cosmetics.com\/pl\/wp-json\/wp\/v2\/media\/4466"}],"wp:attachment":[{"href":"https:\/\/zola-cosmetics.com\/pl\/wp-json\/wp\/v2\/media?parent=6130"}],"wp:term":[{"taxonomy":"brand","embeddable":true,"href":"https:\/\/zola-cosmetics.com\/pl\/wp-json\/wp\/v2\/etheme_brands?post=6130"},{"taxonomy":"product_cat","embeddable":true,"href":"https:\/\/zola-cosmetics.com\/pl\/wp-json\/wp\/v2\/product_cat?post=6130"},{"taxonomy":"product_tag","embeddable":true,"href":"https:\/\/zola-cosmetics.com\/pl\/wp-json\/wp\/v2\/product_tag?post=6130"}],"curies":[{"name":"wp","href":"https:\/\/api.w.org\/{rel}","templated":true}]}}