{"id":6129,"date":"2024-01-09T20:38:57","date_gmt":"2024-01-09T20:38:57","guid":{"rendered":"https:\/\/zola-cosmetics.com\/product\/zola-eyebrow-degreaser\/"},"modified":"2026-03-06T10:24:48","modified_gmt":"2026-03-06T10:24:48","slug":"zola-eyebrow-degreaser","status":"publish","type":"product","link":"https:\/\/zola-cosmetics.com\/pl\/produkt\/zola-eyebrow-degreaser\/","title":{"rendered":"ZOLA Odt\u0142uszczacz do brwi"},"content":{"rendered":"<p>ZOLA Odt\u0142uszczacz do brwi to produkt oczyszczaj\u0105cy o dzia\u0142aniu leczniczym i nawil\u017caj\u0105cym. Przeznaczony jest do skutecznego i delikatnego oczyszczania w\u0142os\u00f3w i sk\u00f3ry z pozosta\u0142o\u015bci kosmetyk\u00f3w i sebum. Zapewnia lepsz\u0105 koloryzacj\u0119 i gwarantuje d\u0142ugotrwa\u0142e rezultaty.<\/p>\n","protected":false},"excerpt":{"rendered":"<p>ZOLA Odt\u0142uszczacz do brwi to produkt oczyszczaj\u0105cy o dzia\u0142aniu leczniczym i nawil\u017caj\u0105cym. Przeznaczony jest do skutecznego i delikatnego oczyszczania w\u0142os\u00f3w&#8230;<\/p>\n","protected":false},"featured_media":7806,"template":"","meta":[],"etheme_brands":[],"product_cat":[94,102],"product_tag":[195],"aioseo_notices":[],"_links":{"self":[{"href":"https:\/\/zola-cosmetics.com\/pl\/wp-json\/wp\/v2\/product\/6129"}],"collection":[{"href":"https:\/\/zola-cosmetics.com\/pl\/wp-json\/wp\/v2\/product"}],"about":[{"href":"https:\/\/zola-cosmetics.com\/pl\/wp-json\/wp\/v2\/types\/product"}],"version-history":[{"count":2,"href":"https:\/\/zola-cosmetics.com\/pl\/wp-json\/wp\/v2\/product\/6129\/revisions"}],"predecessor-version":[{"id":7215,"href":"https:\/\/zola-cosmetics.com\/pl\/wp-json\/wp\/v2\/product\/6129\/revisions\/7215"}],"wp:featuredmedia":[{"embeddable":true,"href":"https:\/\/zola-cosmetics.com\/pl\/wp-json\/wp\/v2\/media\/7806"}],"wp:attachment":[{"href":"https:\/\/zola-cosmetics.com\/pl\/wp-json\/wp\/v2\/media?parent=6129"}],"wp:term":[{"taxonomy":"brand","embeddable":true,"href":"https:\/\/zola-cosmetics.com\/pl\/wp-json\/wp\/v2\/etheme_brands?post=6129"},{"taxonomy":"product_cat","embeddable":true,"href":"https:\/\/zola-cosmetics.com\/pl\/wp-json\/wp\/v2\/product_cat?post=6129"},{"taxonomy":"product_tag","embeddable":true,"href":"https:\/\/zola-cosmetics.com\/pl\/wp-json\/wp\/v2\/product_tag?post=6129"}],"curies":[{"name":"wp","href":"https:\/\/api.w.org\/{rel}","templated":true}]}}