{"id":6128,"date":"2024-01-09T20:38:57","date_gmt":"2024-01-09T20:38:57","guid":{"rendered":"https:\/\/zola-cosmetics.com\/product\/zola-brow-regenerating-cream\/"},"modified":"2026-03-06T10:24:48","modified_gmt":"2026-03-06T10:24:48","slug":"zola-brow-regenerating-cream","status":"publish","type":"product","link":"https:\/\/zola-cosmetics.com\/pl\/produkt\/zola-brow-regenerating-cream\/","title":{"rendered":"ZOLA Krem regeneruj\u0105cy do brwi"},"content":{"rendered":"<p>ZOLA krem do regeneracji brwi to zupe\u0142nie nowy produkt na \u015bwiatowym rynku dla artyst\u00f3w brwi! Krem zosta\u0142 zaprojektowany, aby szybko i skutecznie pom\u00f3c w przypadku zaczerwienienia i podra\u017cnienia sk\u00f3ry. Zaleca si\u0119 stosowanie po poprawie brwi, a tak\u017ce w przypadku wszelkich sytuacji, gdy konieczne jest z\u0142agodzenie sk\u00f3ry, z\u0142agodzenie podra\u017cnie\u0144 i zaczerwienienia. Zawiera olej z oliwek, olej z kie\u0142k\u00f3w pszenicy, mas\u0142o shea, pantenol i ekstrakt z aloesu.<\/p>\n","protected":false},"excerpt":{"rendered":"<p>ZOLA krem do regeneracji brwi to zupe\u0142nie nowy produkt na \u015bwiatowym rynku dla artyst\u00f3w brwi! Krem zosta\u0142 zaprojektowany, aby szybko&#8230;<\/p>\n","protected":false},"featured_media":7810,"template":"","meta":[],"etheme_brands":[],"product_cat":[126,134],"product_tag":[],"aioseo_notices":[],"_links":{"self":[{"href":"https:\/\/zola-cosmetics.com\/pl\/wp-json\/wp\/v2\/product\/6128"}],"collection":[{"href":"https:\/\/zola-cosmetics.com\/pl\/wp-json\/wp\/v2\/product"}],"about":[{"href":"https:\/\/zola-cosmetics.com\/pl\/wp-json\/wp\/v2\/types\/product"}],"version-history":[{"count":1,"href":"https:\/\/zola-cosmetics.com\/pl\/wp-json\/wp\/v2\/product\/6128\/revisions"}],"predecessor-version":[{"id":6366,"href":"https:\/\/zola-cosmetics.com\/pl\/wp-json\/wp\/v2\/product\/6128\/revisions\/6366"}],"wp:featuredmedia":[{"embeddable":true,"href":"https:\/\/zola-cosmetics.com\/pl\/wp-json\/wp\/v2\/media\/7810"}],"wp:attachment":[{"href":"https:\/\/zola-cosmetics.com\/pl\/wp-json\/wp\/v2\/media?parent=6128"}],"wp:term":[{"taxonomy":"brand","embeddable":true,"href":"https:\/\/zola-cosmetics.com\/pl\/wp-json\/wp\/v2\/etheme_brands?post=6128"},{"taxonomy":"product_cat","embeddable":true,"href":"https:\/\/zola-cosmetics.com\/pl\/wp-json\/wp\/v2\/product_cat?post=6128"},{"taxonomy":"product_tag","embeddable":true,"href":"https:\/\/zola-cosmetics.com\/pl\/wp-json\/wp\/v2\/product_tag?post=6128"}],"curies":[{"name":"wp","href":"https:\/\/api.w.org\/{rel}","templated":true}]}}