{"id":6127,"date":"2024-01-09T20:38:57","date_gmt":"2024-01-09T20:38:57","guid":{"rendered":"https:\/\/zola-cosmetics.com\/product\/zola-oil-for-eyebrows-and-eyelashes\/"},"modified":"2026-04-17T16:35:44","modified_gmt":"2026-04-17T16:35:44","slug":"zola-oil-for-eyebrows-and-eyelashes","status":"publish","type":"product","link":"https:\/\/zola-cosmetics.com\/pl\/produkt\/zola-oil-for-eyebrows-and-eyelashes\/","title":{"rendered":"ZOLA Olejek do brwi i rz\u0119s"},"content":{"rendered":"<p>Olejek aktywuj\u0105cy wzrost brwi i rz\u0119s &#8211; zawiera olej rycynowy, olej \u0142opianowy, olej jojoba, olej z kie\u0142k\u00f3w pszenicy, olej uszma, olej z pestek brzoskwini i olejek r\u00f3\u017cany oraz witamin\u0119 E. Stymuluje wzrost brwi i rz\u0119s.<\/p>\n","protected":false},"excerpt":{"rendered":"<p>Olejek aktywuj\u0105cy wzrost brwi i rz\u0119s &#8211; zawiera olej rycynowy, olej \u0142opianowy, olej jojoba, olej z kie\u0142k\u00f3w pszenicy, olej uszma,&#8230;<\/p>\n","protected":false},"featured_media":7812,"template":"","meta":[],"etheme_brands":[],"product_cat":[126,134],"product_tag":[],"aioseo_notices":[],"_links":{"self":[{"href":"https:\/\/zola-cosmetics.com\/pl\/wp-json\/wp\/v2\/product\/6127"}],"collection":[{"href":"https:\/\/zola-cosmetics.com\/pl\/wp-json\/wp\/v2\/product"}],"about":[{"href":"https:\/\/zola-cosmetics.com\/pl\/wp-json\/wp\/v2\/types\/product"}],"version-history":[{"count":1,"href":"https:\/\/zola-cosmetics.com\/pl\/wp-json\/wp\/v2\/product\/6127\/revisions"}],"predecessor-version":[{"id":6367,"href":"https:\/\/zola-cosmetics.com\/pl\/wp-json\/wp\/v2\/product\/6127\/revisions\/6367"}],"wp:featuredmedia":[{"embeddable":true,"href":"https:\/\/zola-cosmetics.com\/pl\/wp-json\/wp\/v2\/media\/7812"}],"wp:attachment":[{"href":"https:\/\/zola-cosmetics.com\/pl\/wp-json\/wp\/v2\/media?parent=6127"}],"wp:term":[{"taxonomy":"brand","embeddable":true,"href":"https:\/\/zola-cosmetics.com\/pl\/wp-json\/wp\/v2\/etheme_brands?post=6127"},{"taxonomy":"product_cat","embeddable":true,"href":"https:\/\/zola-cosmetics.com\/pl\/wp-json\/wp\/v2\/product_cat?post=6127"},{"taxonomy":"product_tag","embeddable":true,"href":"https:\/\/zola-cosmetics.com\/pl\/wp-json\/wp\/v2\/product_tag?post=6127"}],"curies":[{"name":"wp","href":"https:\/\/api.w.org\/{rel}","templated":true}]}}