{"id":6125,"date":"2024-01-09T20:38:57","date_gmt":"2024-01-09T20:38:57","guid":{"rendered":"https:\/\/zola-cosmetics.com\/product\/zola-super-soft-black-sponge\/"},"modified":"2025-12-12T10:08:24","modified_gmt":"2025-12-12T10:08:24","slug":"zola-super-soft-black-sponge","status":"publish","type":"product","link":"https:\/\/zola-cosmetics.com\/pl\/produkt\/zola-super-soft-black-sponge\/","title":{"rendered":"ZOLA Bardzo mi\u0119kka czarna g\u0105bka"},"content":{"rendered":"<p>Mi\u0119kka g\u0105bka w kszta\u0142cie kropli wykonana jest z wysokiej jako\u015bci lateksu, kt\u00f3ry jest hipoalergiczny, trwa\u0142y i d\u0142ugotrwa\u0142y. Dzi\u0119ki szerokiej stronie \u0142atwo rozprowadzisz podk\u0142ad na ca\u0142ej powierzchni twarzy, a dzi\u0119ki spiczastemu ko\u0144cowi mo\u017cesz pracowa\u0107 na mniejszych obszarach.<\/p>\n","protected":false},"excerpt":{"rendered":"<p>Mi\u0119kka g\u0105bka w kszta\u0142cie kropli wykonana jest z wysokiej jako\u015bci lateksu, kt\u00f3ry jest hipoalergiczny, trwa\u0142y i d\u0142ugotrwa\u0142y. Dzi\u0119ki szerokiej stronie&#8230;<\/p>\n","protected":false},"featured_media":4476,"template":"","meta":[],"etheme_brands":[],"product_cat":[147,141],"product_tag":[],"aioseo_notices":[],"_links":{"self":[{"href":"https:\/\/zola-cosmetics.com\/pl\/wp-json\/wp\/v2\/product\/6125"}],"collection":[{"href":"https:\/\/zola-cosmetics.com\/pl\/wp-json\/wp\/v2\/product"}],"about":[{"href":"https:\/\/zola-cosmetics.com\/pl\/wp-json\/wp\/v2\/types\/product"}],"version-history":[{"count":1,"href":"https:\/\/zola-cosmetics.com\/pl\/wp-json\/wp\/v2\/product\/6125\/revisions"}],"predecessor-version":[{"id":6369,"href":"https:\/\/zola-cosmetics.com\/pl\/wp-json\/wp\/v2\/product\/6125\/revisions\/6369"}],"wp:featuredmedia":[{"embeddable":true,"href":"https:\/\/zola-cosmetics.com\/pl\/wp-json\/wp\/v2\/media\/4476"}],"wp:attachment":[{"href":"https:\/\/zola-cosmetics.com\/pl\/wp-json\/wp\/v2\/media?parent=6125"}],"wp:term":[{"taxonomy":"brand","embeddable":true,"href":"https:\/\/zola-cosmetics.com\/pl\/wp-json\/wp\/v2\/etheme_brands?post=6125"},{"taxonomy":"product_cat","embeddable":true,"href":"https:\/\/zola-cosmetics.com\/pl\/wp-json\/wp\/v2\/product_cat?post=6125"},{"taxonomy":"product_tag","embeddable":true,"href":"https:\/\/zola-cosmetics.com\/pl\/wp-json\/wp\/v2\/product_tag?post=6125"}],"curies":[{"name":"wp","href":"https:\/\/api.w.org\/{rel}","templated":true}]}}