{"id":6123,"date":"2024-01-09T20:38:58","date_gmt":"2024-01-09T20:38:58","guid":{"rendered":"https:\/\/zola-cosmetics.com\/product\/zola-cleansing-eyebrow-foam-150-ml\/"},"modified":"2026-03-29T15:58:39","modified_gmt":"2026-03-29T15:58:39","slug":"zola-cleansing-eyebrow-foam-150-ml","status":"publish","type":"product","link":"https:\/\/zola-cosmetics.com\/pl\/produkt\/zola-cleansing-eyebrow-foam-150-ml\/","title":{"rendered":"ZOLA Pianka oczyszczaj\u0105ca do brwi 150 ml"},"content":{"rendered":"<p>Delikatny szampon w postaci pianki pe\u0142ni g\u0142\u00f3wne funkcje w przygotowaniu sk\u00f3ry przed farbowaniem farb\u0105 lub henn\u0105. Szampon oczyszcza, usuwa nadmiar sebum i wykazuje dzia\u0142anie bakteriob\u00f3jcze. Unikalny sk\u0142ad oparty na islandzkiej mchu zapewnia dzia\u0142anie przeciwbakteryjne, przeciwzapalne i przeciwutleniaj\u0105ce. Delikatne surfaktanty na bazie surowc\u00f3w ro\u015blinnych o wysokiej strukturze cz\u0105steczkowej delikatnie oczyszczaj\u0105 sk\u00f3r\u0119 z makija\u017cu i sebum. Betaina aktywnie nawil\u017ca i \u0142agodzi podra\u017cnienia sk\u00f3ry, wzmacniaj\u0105c \u0142usk\u0119 keratyny.<\/p>\n","protected":false},"excerpt":{"rendered":"<p>Delikatny szampon w postaci pianki pe\u0142ni g\u0142\u00f3wne funkcje w przygotowaniu sk\u00f3ry przed farbowaniem farb\u0105 lub henn\u0105. Szampon oczyszcza, usuwa nadmiar&#8230;<\/p>\n","protected":false},"featured_media":8147,"template":"","meta":[],"etheme_brands":[],"product_cat":[126,134],"product_tag":[197],"aioseo_notices":[],"_links":{"self":[{"href":"https:\/\/zola-cosmetics.com\/pl\/wp-json\/wp\/v2\/product\/6123"}],"collection":[{"href":"https:\/\/zola-cosmetics.com\/pl\/wp-json\/wp\/v2\/product"}],"about":[{"href":"https:\/\/zola-cosmetics.com\/pl\/wp-json\/wp\/v2\/types\/product"}],"version-history":[{"count":1,"href":"https:\/\/zola-cosmetics.com\/pl\/wp-json\/wp\/v2\/product\/6123\/revisions"}],"predecessor-version":[{"id":6371,"href":"https:\/\/zola-cosmetics.com\/pl\/wp-json\/wp\/v2\/product\/6123\/revisions\/6371"}],"wp:featuredmedia":[{"embeddable":true,"href":"https:\/\/zola-cosmetics.com\/pl\/wp-json\/wp\/v2\/media\/8147"}],"wp:attachment":[{"href":"https:\/\/zola-cosmetics.com\/pl\/wp-json\/wp\/v2\/media?parent=6123"}],"wp:term":[{"taxonomy":"brand","embeddable":true,"href":"https:\/\/zola-cosmetics.com\/pl\/wp-json\/wp\/v2\/etheme_brands?post=6123"},{"taxonomy":"product_cat","embeddable":true,"href":"https:\/\/zola-cosmetics.com\/pl\/wp-json\/wp\/v2\/product_cat?post=6123"},{"taxonomy":"product_tag","embeddable":true,"href":"https:\/\/zola-cosmetics.com\/pl\/wp-json\/wp\/v2\/product_tag?post=6123"}],"curies":[{"name":"wp","href":"https:\/\/api.w.org\/{rel}","templated":true}]}}