{"id":6122,"date":"2024-01-09T20:38:58","date_gmt":"2024-01-09T20:38:58","guid":{"rendered":"https:\/\/zola-cosmetics.com\/product\/zola-laminating-compound-01-lifting-gel\/"},"modified":"2026-03-06T15:27:45","modified_gmt":"2026-03-06T15:27:45","slug":"zola-laminating-compound-01-lifting-gel","status":"publish","type":"product","link":"https:\/\/zola-cosmetics.com\/pl\/produkt\/zola-laminating-compound-01-lifting-gel\/","title":{"rendered":"ZOLA \u015arodek do laminowania 01 \u017bel liftinguj\u0105cy"},"content":{"rendered":"<p>ZOLA \u015arodek laminuj\u0105cy 01 \u017bel liftinguj\u0105cy. Pierwszy krok systemu. G\u0142\u00f3wnym sk\u0142adnikiem aktywnym jest tioglikolan. Nie posiada intensywnego zapachu. Szybki i niezawodny. Wygodna konsystencja. Zmi\u0119kcza w\u0142osy, roz\u0142\u0105cza wi\u0105zania dwusiarczkowe we w\u0142osach, pozwalaj\u0105c nada\u0107 im odpowiedni kierunek. Zawiera hydrorolizowan\u0105 keratyn\u0119, kt\u00f3ra \u0142agodzi dzia\u0142anie sk\u0142adnik\u00f3w aktywnych.<\/p>\n","protected":false},"excerpt":{"rendered":"<p>ZOLA \u015arodek laminuj\u0105cy 01 \u017bel liftinguj\u0105cy. Pierwszy krok systemu. G\u0142\u00f3wnym sk\u0142adnikiem aktywnym jest tioglikolan. Nie posiada intensywnego zapachu. Szybki i&#8230;<\/p>\n","protected":false},"featured_media":6945,"template":"","meta":[],"etheme_brands":[],"product_cat":[126,174,137,173],"product_tag":[197],"aioseo_notices":[],"_links":{"self":[{"href":"https:\/\/zola-cosmetics.com\/pl\/wp-json\/wp\/v2\/product\/6122"}],"collection":[{"href":"https:\/\/zola-cosmetics.com\/pl\/wp-json\/wp\/v2\/product"}],"about":[{"href":"https:\/\/zola-cosmetics.com\/pl\/wp-json\/wp\/v2\/types\/product"}],"version-history":[{"count":1,"href":"https:\/\/zola-cosmetics.com\/pl\/wp-json\/wp\/v2\/product\/6122\/revisions"}],"predecessor-version":[{"id":6372,"href":"https:\/\/zola-cosmetics.com\/pl\/wp-json\/wp\/v2\/product\/6122\/revisions\/6372"}],"wp:featuredmedia":[{"embeddable":true,"href":"https:\/\/zola-cosmetics.com\/pl\/wp-json\/wp\/v2\/media\/6945"}],"wp:attachment":[{"href":"https:\/\/zola-cosmetics.com\/pl\/wp-json\/wp\/v2\/media?parent=6122"}],"wp:term":[{"taxonomy":"brand","embeddable":true,"href":"https:\/\/zola-cosmetics.com\/pl\/wp-json\/wp\/v2\/etheme_brands?post=6122"},{"taxonomy":"product_cat","embeddable":true,"href":"https:\/\/zola-cosmetics.com\/pl\/wp-json\/wp\/v2\/product_cat?post=6122"},{"taxonomy":"product_tag","embeddable":true,"href":"https:\/\/zola-cosmetics.com\/pl\/wp-json\/wp\/v2\/product_tag?post=6122"}],"curies":[{"name":"wp","href":"https:\/\/api.w.org\/{rel}","templated":true}]}}