{"id":6121,"date":"2024-01-09T20:38:58","date_gmt":"2024-01-09T20:38:58","guid":{"rendered":"https:\/\/zola-cosmetics.com\/product\/zola-laminating-compound-02-volume-fixer\/"},"modified":"2026-03-06T15:27:45","modified_gmt":"2026-03-06T15:27:45","slug":"zola-laminating-compound-02-volume-fixer","status":"publish","type":"product","link":"https:\/\/zola-cosmetics.com\/pl\/produkt\/zola-laminating-compound-02-volume-fixer\/","title":{"rendered":"ZOLA \u015arodek do laminowania 02 Fiksator obj\u0119to\u015bci"},"content":{"rendered":"<p>ZOLA \u015arodek laminuj\u0105cy 02 Utwardzacz obj\u0119to\u015bci. Drugi etap ma na celu natychmiastowe zatrzymanie reakcji rozpocz\u0119tej przez pierwszy \u015brodek, przywr\u00f3cenie wi\u0105za\u0144 dwusiarczkowych oraz gwarancj\u0119 doskona\u0142ego rezultatu procedury laminacji. Zawiera nadtlenek wodoru do 2%.<\/p>\n","protected":false},"excerpt":{"rendered":"<p>ZOLA \u015arodek laminuj\u0105cy 02 Utwardzacz obj\u0119to\u015bci. Drugi etap ma na celu natychmiastowe zatrzymanie reakcji rozpocz\u0119tej przez pierwszy \u015brodek, przywr\u00f3cenie wi\u0105za\u0144&#8230;<\/p>\n","protected":false},"featured_media":6948,"template":"","meta":[],"etheme_brands":[],"product_cat":[126,174,137,173],"product_tag":[197],"aioseo_notices":[],"_links":{"self":[{"href":"https:\/\/zola-cosmetics.com\/pl\/wp-json\/wp\/v2\/product\/6121"}],"collection":[{"href":"https:\/\/zola-cosmetics.com\/pl\/wp-json\/wp\/v2\/product"}],"about":[{"href":"https:\/\/zola-cosmetics.com\/pl\/wp-json\/wp\/v2\/types\/product"}],"version-history":[{"count":1,"href":"https:\/\/zola-cosmetics.com\/pl\/wp-json\/wp\/v2\/product\/6121\/revisions"}],"predecessor-version":[{"id":6373,"href":"https:\/\/zola-cosmetics.com\/pl\/wp-json\/wp\/v2\/product\/6121\/revisions\/6373"}],"wp:featuredmedia":[{"embeddable":true,"href":"https:\/\/zola-cosmetics.com\/pl\/wp-json\/wp\/v2\/media\/6948"}],"wp:attachment":[{"href":"https:\/\/zola-cosmetics.com\/pl\/wp-json\/wp\/v2\/media?parent=6121"}],"wp:term":[{"taxonomy":"brand","embeddable":true,"href":"https:\/\/zola-cosmetics.com\/pl\/wp-json\/wp\/v2\/etheme_brands?post=6121"},{"taxonomy":"product_cat","embeddable":true,"href":"https:\/\/zola-cosmetics.com\/pl\/wp-json\/wp\/v2\/product_cat?post=6121"},{"taxonomy":"product_tag","embeddable":true,"href":"https:\/\/zola-cosmetics.com\/pl\/wp-json\/wp\/v2\/product_tag?post=6121"}],"curies":[{"name":"wp","href":"https:\/\/api.w.org\/{rel}","templated":true}]}}