{"id":6120,"date":"2024-01-09T20:38:58","date_gmt":"2024-01-09T20:38:58","guid":{"rendered":"https:\/\/zola-cosmetics.com\/product\/zola-laminating-compound-03-keratin-serum\/"},"modified":"2026-02-23T08:07:18","modified_gmt":"2026-02-23T08:07:18","slug":"zola-laminating-compound-03-keratin-serum","status":"publish","type":"product","link":"https:\/\/zola-cosmetics.com\/pl\/produkt\/zola-laminating-compound-03-keratin-serum\/","title":{"rendered":"ZOLA \u015arodek do laminowania 03 Serum z keratyn\u0105"},"content":{"rendered":"<p>ZOLA \u015arodek laminuj\u0105cy 03 Serum Keratynowe. Krok 3. Unikalny kompleks do piel\u0119gnacji brwi i rz\u0119s, zawieraj\u0105cy hydrolizowan\u0105 keratyn\u0119, gliceryn\u0119, pantenol, kwas mlekowy, kt\u00f3re od\u017cywiaj\u0105 i nawil\u017caj\u0105 w\u0142osy od wewn\u0105trz. Sk\u0142adniki tej kompozycji s\u0105 w ca\u0142o\u015bci wch\u0142aniane przez w\u0142osy w ci\u0105gu kilku minut, skutecznie penetruj\u0105 g\u0142\u0119boko w struktur\u0119 w\u0142osa i wzmacniaj\u0105 go. Nie pozostawia t\u0142ustego efektu po zabiegu.<\/p>\n","protected":false},"excerpt":{"rendered":"<p>ZOLA \u015arodek laminuj\u0105cy 03 Serum Keratynowe. Krok 3. Unikalny kompleks do piel\u0119gnacji brwi i rz\u0119s, zawieraj\u0105cy hydrolizowan\u0105 keratyn\u0119, gliceryn\u0119, pantenol,&#8230;<\/p>\n","protected":false},"featured_media":6942,"template":"","meta":[],"etheme_brands":[],"product_cat":[126,174,137,173],"product_tag":[197],"aioseo_notices":[],"_links":{"self":[{"href":"https:\/\/zola-cosmetics.com\/pl\/wp-json\/wp\/v2\/product\/6120"}],"collection":[{"href":"https:\/\/zola-cosmetics.com\/pl\/wp-json\/wp\/v2\/product"}],"about":[{"href":"https:\/\/zola-cosmetics.com\/pl\/wp-json\/wp\/v2\/types\/product"}],"version-history":[{"count":1,"href":"https:\/\/zola-cosmetics.com\/pl\/wp-json\/wp\/v2\/product\/6120\/revisions"}],"predecessor-version":[{"id":6374,"href":"https:\/\/zola-cosmetics.com\/pl\/wp-json\/wp\/v2\/product\/6120\/revisions\/6374"}],"wp:featuredmedia":[{"embeddable":true,"href":"https:\/\/zola-cosmetics.com\/pl\/wp-json\/wp\/v2\/media\/6942"}],"wp:attachment":[{"href":"https:\/\/zola-cosmetics.com\/pl\/wp-json\/wp\/v2\/media?parent=6120"}],"wp:term":[{"taxonomy":"brand","embeddable":true,"href":"https:\/\/zola-cosmetics.com\/pl\/wp-json\/wp\/v2\/etheme_brands?post=6120"},{"taxonomy":"product_cat","embeddable":true,"href":"https:\/\/zola-cosmetics.com\/pl\/wp-json\/wp\/v2\/product_cat?post=6120"},{"taxonomy":"product_tag","embeddable":true,"href":"https:\/\/zola-cosmetics.com\/pl\/wp-json\/wp\/v2\/product_tag?post=6120"}],"curies":[{"name":"wp","href":"https:\/\/api.w.org\/{rel}","templated":true}]}}