{"id":6119,"date":"2024-01-09T20:38:58","date_gmt":"2024-01-09T20:38:58","guid":{"rendered":"https:\/\/zola-cosmetics.com\/product\/zola-super-soft-drop-sponge-grey-pink\/"},"modified":"2026-02-16T13:23:09","modified_gmt":"2026-02-16T13:23:09","slug":"zola-super-soft-drop-sponge-grey-pink","status":"publish","type":"product","link":"https:\/\/zola-cosmetics.com\/pl\/produkt\/zola-super-soft-drop-sponge-grey-pink\/","title":{"rendered":"ZOLA G\u0105bka do makija\u017cu drop super soft szaro-r\u00f3\u017cowa"},"content":{"rendered":"<p>Mi\u0119kka g\u0105bka w kszta\u0142cie kropli wykonana jest z wysokiej jako\u015bci lateksu, kt\u00f3ry jest hipoalergiczny, trwa\u0142y i d\u0142ugotrwa\u0142y. Dzi\u0119ki szerokiej stronie mo\u017cna \u0142atwo rozprowadzi\u0107 podk\u0142ad na ca\u0142ej powierzchni twarzy, a dzi\u0119ki spiczastej ko\u0144c\u00f3wce mo\u017cna pracowa\u0107 na ma\u0142ych obszarach.<\/p>\n","protected":false},"excerpt":{"rendered":"<p>Mi\u0119kka g\u0105bka w kszta\u0142cie kropli wykonana jest z wysokiej jako\u015bci lateksu, kt\u00f3ry jest hipoalergiczny, trwa\u0142y i d\u0142ugotrwa\u0142y. Dzi\u0119ki szerokiej stronie&#8230;<\/p>\n","protected":false},"featured_media":8001,"template":"","meta":[],"etheme_brands":[],"product_cat":[147,141],"product_tag":[],"aioseo_notices":[],"_links":{"self":[{"href":"https:\/\/zola-cosmetics.com\/pl\/wp-json\/wp\/v2\/product\/6119"}],"collection":[{"href":"https:\/\/zola-cosmetics.com\/pl\/wp-json\/wp\/v2\/product"}],"about":[{"href":"https:\/\/zola-cosmetics.com\/pl\/wp-json\/wp\/v2\/types\/product"}],"version-history":[{"count":1,"href":"https:\/\/zola-cosmetics.com\/pl\/wp-json\/wp\/v2\/product\/6119\/revisions"}],"predecessor-version":[{"id":6460,"href":"https:\/\/zola-cosmetics.com\/pl\/wp-json\/wp\/v2\/product\/6119\/revisions\/6460"}],"wp:featuredmedia":[{"embeddable":true,"href":"https:\/\/zola-cosmetics.com\/pl\/wp-json\/wp\/v2\/media\/8001"}],"wp:attachment":[{"href":"https:\/\/zola-cosmetics.com\/pl\/wp-json\/wp\/v2\/media?parent=6119"}],"wp:term":[{"taxonomy":"brand","embeddable":true,"href":"https:\/\/zola-cosmetics.com\/pl\/wp-json\/wp\/v2\/etheme_brands?post=6119"},{"taxonomy":"product_cat","embeddable":true,"href":"https:\/\/zola-cosmetics.com\/pl\/wp-json\/wp\/v2\/product_cat?post=6119"},{"taxonomy":"product_tag","embeddable":true,"href":"https:\/\/zola-cosmetics.com\/pl\/wp-json\/wp\/v2\/product_tag?post=6119"}],"curies":[{"name":"wp","href":"https:\/\/api.w.org\/{rel}","templated":true}]}}