{"id":6118,"date":"2024-01-09T20:38:58","date_gmt":"2024-01-09T20:38:58","guid":{"rendered":"https:\/\/zola-cosmetics.com\/product\/zola-hyaluronic-acid-active-serum-30ml\/"},"modified":"2025-07-26T08:28:36","modified_gmt":"2025-07-26T08:28:36","slug":"zola-hyaluronic-acid-active-serum-30ml","status":"publish","type":"product","link":"https:\/\/zola-cosmetics.com\/pl\/produkt\/zola-hyaluronic-acid-active-serum-30ml\/","title":{"rendered":"ZOLA Aktywne Serum z Kwasem Hialuronowym 30ml"},"content":{"rendered":"<p>Produkt ten zosta\u0142 zaprojektowany do codziennej piel\u0119gnacji sk\u00f3ry, a tak\u017ce jako skuteczny podk\u0142ad pod makija\u017c. Zawiera aktywne sk\u0142adniki, kt\u00f3re przyczyniaj\u0105 si\u0119 do odnowy i utrzymania r\u00f3wnowagi wodnej w nask\u00f3rku, aktywuj\u0105 procesy fizjologiczne, co sprzyja odm\u0142adzaniu sk\u00f3ry, ma dzia\u0142anie lecznicze, poprawia trwa\u0142o\u015b\u0107 podk\u0142ad\u00f3w. Nadaje si\u0119 do wszystkich rodzaj\u00f3w sk\u00f3ry i wieku. Rekomendowany dla profesjonalnych makija\u017cyst\u00f3w oraz do domowej piel\u0119gnacji. Spos\u00f3b u\u017cycia: Rozprowad\u017a r\u00f3wnomiernie palcami (p\u0119dzlem, g\u0105bk\u0105) na powierzchni twarzy. Okres wa\u017cno\u015bci: 12 miesi\u0119cy. Pojemno\u015b\u0107: 30 ml.<\/p>\n","protected":false},"excerpt":{"rendered":"<p>Produkt ten zosta\u0142 zaprojektowany do codziennej piel\u0119gnacji sk\u00f3ry, a tak\u017ce jako skuteczny podk\u0142ad pod makija\u017c. Zawiera aktywne sk\u0142adniki, kt\u00f3re przyczyniaj\u0105&#8230;<\/p>\n","protected":false},"featured_media":4488,"template":"","meta":[],"etheme_brands":[],"product_cat":[145,141],"product_tag":[],"aioseo_notices":[],"_links":{"self":[{"href":"https:\/\/zola-cosmetics.com\/pl\/wp-json\/wp\/v2\/product\/6118"}],"collection":[{"href":"https:\/\/zola-cosmetics.com\/pl\/wp-json\/wp\/v2\/product"}],"about":[{"href":"https:\/\/zola-cosmetics.com\/pl\/wp-json\/wp\/v2\/types\/product"}],"version-history":[{"count":1,"href":"https:\/\/zola-cosmetics.com\/pl\/wp-json\/wp\/v2\/product\/6118\/revisions"}],"predecessor-version":[{"id":6147,"href":"https:\/\/zola-cosmetics.com\/pl\/wp-json\/wp\/v2\/product\/6118\/revisions\/6147"}],"wp:featuredmedia":[{"embeddable":true,"href":"https:\/\/zola-cosmetics.com\/pl\/wp-json\/wp\/v2\/media\/4488"}],"wp:attachment":[{"href":"https:\/\/zola-cosmetics.com\/pl\/wp-json\/wp\/v2\/media?parent=6118"}],"wp:term":[{"taxonomy":"brand","embeddable":true,"href":"https:\/\/zola-cosmetics.com\/pl\/wp-json\/wp\/v2\/etheme_brands?post=6118"},{"taxonomy":"product_cat","embeddable":true,"href":"https:\/\/zola-cosmetics.com\/pl\/wp-json\/wp\/v2\/product_cat?post=6118"},{"taxonomy":"product_tag","embeddable":true,"href":"https:\/\/zola-cosmetics.com\/pl\/wp-json\/wp\/v2\/product_tag?post=6118"}],"curies":[{"name":"wp","href":"https:\/\/api.w.org\/{rel}","templated":true}]}}