{"id":6116,"date":"2024-01-09T20:38:58","date_gmt":"2024-01-09T20:38:58","guid":{"rendered":"https:\/\/zola-cosmetics.com\/product\/zola-cream-primer-with-hyaluronic-acid\/"},"modified":"2025-07-26T08:28:36","modified_gmt":"2025-07-26T08:28:36","slug":"zola-cream-primer-with-hyaluronic-acid","status":"publish","type":"product","link":"https:\/\/zola-cosmetics.com\/pl\/produkt\/zola-cream-primer-with-hyaluronic-acid\/","title":{"rendered":"ZOLA Kremowy primer z kwasem hialuronowym"},"content":{"rendered":"<p>Idealnie przygotowuje sk\u00f3r\u0119 przed na\u0142o\u017ceniem podk\u0142adu, mi\u0119kka, wyg\u0142adza i nawil\u017ca sk\u00f3r\u0119. Nadaje si\u0119 do wszystkich rodzaj\u00f3w sk\u00f3ry i wieku. Mo\u017ce by\u0107 r\u00f3wnie\u017c stosowany jako codzienny produkt do piel\u0119gnacji sk\u00f3ry. Zawiera aktywne sk\u0142adniki, kt\u00f3re stymuluj\u0105 intensywn\u0105 regeneracj\u0119 kom\u00f3rek, poprawiaj\u0105 elastyczno\u015b\u0107 sk\u00f3ry, tonizuj\u0105 i wyg\u0142adzaj\u0105 zmarszczki. Spos\u00f3b u\u017cycia: Nanie\u015b krem na oczyszczon\u0105 sk\u00f3r\u0119 przed na\u0142o\u017ceniem makija\u017cu. Pojemno\u015b\u0107: 50 ml. Okres wa\u017cno\u015bci: 18 miesi\u0119cy.<\/p>\n","protected":false},"excerpt":{"rendered":"<p>Idealnie przygotowuje sk\u00f3r\u0119 przed na\u0142o\u017ceniem podk\u0142adu, mi\u0119kka, wyg\u0142adza i nawil\u017ca sk\u00f3r\u0119. Nadaje si\u0119 do wszystkich rodzaj\u00f3w sk\u00f3ry i wieku. Mo\u017ce&#8230;<\/p>\n","protected":false},"featured_media":4492,"template":"","meta":[],"etheme_brands":[],"product_cat":[145,141],"product_tag":[],"aioseo_notices":[],"_links":{"self":[{"href":"https:\/\/zola-cosmetics.com\/pl\/wp-json\/wp\/v2\/product\/6116"}],"collection":[{"href":"https:\/\/zola-cosmetics.com\/pl\/wp-json\/wp\/v2\/product"}],"about":[{"href":"https:\/\/zola-cosmetics.com\/pl\/wp-json\/wp\/v2\/types\/product"}],"version-history":[{"count":1,"href":"https:\/\/zola-cosmetics.com\/pl\/wp-json\/wp\/v2\/product\/6116\/revisions"}],"predecessor-version":[{"id":6149,"href":"https:\/\/zola-cosmetics.com\/pl\/wp-json\/wp\/v2\/product\/6116\/revisions\/6149"}],"wp:featuredmedia":[{"embeddable":true,"href":"https:\/\/zola-cosmetics.com\/pl\/wp-json\/wp\/v2\/media\/4492"}],"wp:attachment":[{"href":"https:\/\/zola-cosmetics.com\/pl\/wp-json\/wp\/v2\/media?parent=6116"}],"wp:term":[{"taxonomy":"brand","embeddable":true,"href":"https:\/\/zola-cosmetics.com\/pl\/wp-json\/wp\/v2\/etheme_brands?post=6116"},{"taxonomy":"product_cat","embeddable":true,"href":"https:\/\/zola-cosmetics.com\/pl\/wp-json\/wp\/v2\/product_cat?post=6116"},{"taxonomy":"product_tag","embeddable":true,"href":"https:\/\/zola-cosmetics.com\/pl\/wp-json\/wp\/v2\/product_tag?post=6116"}],"curies":[{"name":"wp","href":"https:\/\/api.w.org\/{rel}","templated":true}]}}