{"id":6106,"date":"2024-01-09T20:38:59","date_gmt":"2024-01-09T20:38:59","guid":{"rendered":"https:\/\/zola-cosmetics.com\/product\/zola-professional-henna-for-eyebrows-5-g-06-dark-brown\/"},"modified":"2026-02-14T13:46:59","modified_gmt":"2026-02-14T13:46:59","slug":"zola-professional-henna-for-eyebrows-5-g-06-dark-brown","status":"publish","type":"product","link":"https:\/\/zola-cosmetics.com\/pl\/produkt\/zola-professional-henna-for-eyebrows-5-g-06-dark-brown\/","title":{"rendered":"ZOLA Profesjonalna henna do brwi 5 g (06 DARK BROWN)"},"content":{"rendered":"<p>Profesjonalna henna do brwi ZOLA Henna jest przeznaczona do trwa\u0142ego farbowania brwi. Zalety henny ZOLA: &#8211; Bogata kolorystyka 6 g\u0142\u00f3wnych popularnych kolor\u00f3w i 4 kolory korektora umo\u017cliwiaj\u0105 tworzenie unikalnych, niepowtarzalnych odcieni &#8211; Sk\u0142ad zawiera kompleks piel\u0119gnacyjny z amla (naturalne \u017ar\u00f3d\u0142o witaminy DZ), shikakai i kwasu winowego, kt\u00f3re wzmacniaj\u0105 i nawil\u017caj\u0105 w\u0142osy &#8211; \u0141atwa w u\u017cyciu i zapewnia przewidywalny rezultat na ko\u0144cu procedury farbowania brwi. Spos\u00f3b u\u017cycia: Rozcie\u0144cz henn\u0119 z wod\u0105 w stosunku 1:1 do konsystencji sosu sojowego. W zale\u017cno\u015bci od konsystencji, henna da ja\u015bniejsze lub ciemniejsze rezultaty, im g\u0119stsza konsystencja, tym intensywniejszy efekt. Pojemno\u015b\u0107: 5 g<\/p>\n","protected":false},"excerpt":{"rendered":"<p>Profesjonalna henna do brwi ZOLA Henna jest przeznaczona do trwa\u0142ego farbowania brwi. Zalety henny ZOLA: &#8211; Bogata kolorystyka 6 g\u0142\u00f3wnych&#8230;<\/p>\n","protected":false},"featured_media":4512,"template":"","meta":[],"etheme_brands":[],"product_cat":[126,133],"product_tag":[197],"aioseo_notices":[],"_links":{"self":[{"href":"https:\/\/zola-cosmetics.com\/pl\/wp-json\/wp\/v2\/product\/6106"}],"collection":[{"href":"https:\/\/zola-cosmetics.com\/pl\/wp-json\/wp\/v2\/product"}],"about":[{"href":"https:\/\/zola-cosmetics.com\/pl\/wp-json\/wp\/v2\/types\/product"}],"version-history":[{"count":1,"href":"https:\/\/zola-cosmetics.com\/pl\/wp-json\/wp\/v2\/product\/6106\/revisions"}],"predecessor-version":[{"id":6159,"href":"https:\/\/zola-cosmetics.com\/pl\/wp-json\/wp\/v2\/product\/6106\/revisions\/6159"}],"wp:featuredmedia":[{"embeddable":true,"href":"https:\/\/zola-cosmetics.com\/pl\/wp-json\/wp\/v2\/media\/4512"}],"wp:attachment":[{"href":"https:\/\/zola-cosmetics.com\/pl\/wp-json\/wp\/v2\/media?parent=6106"}],"wp:term":[{"taxonomy":"brand","embeddable":true,"href":"https:\/\/zola-cosmetics.com\/pl\/wp-json\/wp\/v2\/etheme_brands?post=6106"},{"taxonomy":"product_cat","embeddable":true,"href":"https:\/\/zola-cosmetics.com\/pl\/wp-json\/wp\/v2\/product_cat?post=6106"},{"taxonomy":"product_tag","embeddable":true,"href":"https:\/\/zola-cosmetics.com\/pl\/wp-json\/wp\/v2\/product_tag?post=6106"}],"curies":[{"name":"wp","href":"https:\/\/api.w.org\/{rel}","templated":true}]}}