{"id":6101,"date":"2024-01-09T20:38:59","date_gmt":"2024-01-09T20:38:59","guid":{"rendered":"https:\/\/zola-cosmetics.com\/product\/zola-professional-henna-for-eyebrows-corrector-5-g-01-blonde\/"},"modified":"2026-03-06T10:24:47","modified_gmt":"2026-03-06T10:24:47","slug":"zola-professional-henna-for-eyebrows-corrector-5-g-01-blonde","status":"publish","type":"product","link":"https:\/\/zola-cosmetics.com\/pl\/produkt\/zola-professional-henna-for-eyebrows-corrector-5-g-01-blonde\/","title":{"rendered":"ZOLA Professional henna do brwi (korektor) 5 g (01 BLONDE)"},"content":{"rendered":"<p data-start=\"197\" data-end=\"285\"><strong data-start=\"197\" data-end=\"236\">ZOLA Profesjonalna henna do brwi<\/strong> zosta\u0142a stworzona z my\u015bl\u0105 o trwa\u0142ym farbowaniu brwi.<\/p>\n<p data-start=\"287\" data-end=\"322\"><strong data-start=\"287\" data-end=\"320\">Zalety henny ZOLA:<\/strong><\/p>\n<ul data-start=\"323\" data-end=\"699\">\n<li data-start=\"323\" data-end=\"459\">\n<p data-start=\"325\" data-end=\"459\">Bogata paleta kolorystyczna obejmuj\u0105ca 6 podstawowych, najcz\u0119\u015bciej wybieranych odcieni oraz 4 korektory kolor\u00f3w umo\u017cliwia tworzenie unikalnych, niepowtarzalnych ton\u00f3w.<\/p>\n<\/li>\n<li data-start=\"460\" data-end=\"627\">\n<p data-start=\"462\" data-end=\"627\">Sk\u0142ad wzbogacony zosta\u0142 o kompleks piel\u0119gnacyjny zawieraj\u0105cy aml\u0119 (naturalne \u017ar\u00f3d\u0142o witaminy D3), shikakai i kwas winowy, kt\u00f3re wzmacniaj\u0105 i nawil\u017caj\u0105 w\u0142oski brwi.<\/p>\n<\/li>\n<li data-start=\"628\" data-end=\"699\">\n<p data-start=\"630\" data-end=\"699\">Prosta w u\u017cyciu, zapewnia przewidywalny efekt ko\u0144cowy po zabiegu koloryzacji.<\/p>\n<\/li>\n<\/ul>\n<p data-start=\"701\" data-end=\"929\"><strong data-start=\"701\" data-end=\"724\">Spos\u00f3b u\u017cycia:<\/strong><br data-start=\"724\" data-end=\"727\">Wymieszaj henn\u0119 z wod\u0105 w proporcji 1:1, a\u017c konsystencja b\u0119dzie przypomina\u0107 sos sojowy. Im g\u0119stsza konsystencja, tym intensywniejszy ko\u0144cowy kolor; rzadsza konsystencja daje ja\u015bniejszy odcie\u0144.<\/p>\n<p data-start=\"931\" data-end=\"947\"><strong data-start=\"931\" data-end=\"942\">Pojemno\u015b\u0107:<\/strong> 5 g<\/p>\n","protected":false},"excerpt":{"rendered":"<p>ZOLA Profesjonalna henna do brwi zosta\u0142a stworzona z my\u015bl\u0105 o trwa\u0142ym farbowaniu brwi. Zalety henny ZOLA: Bogata paleta kolorystyczna obejmuj\u0105ca&#8230;<\/p>\n","protected":false},"featured_media":4522,"template":"","meta":[],"etheme_brands":[],"product_cat":[126,133],"product_tag":[197],"aioseo_notices":[],"_links":{"self":[{"href":"https:\/\/zola-cosmetics.com\/pl\/wp-json\/wp\/v2\/product\/6101"}],"collection":[{"href":"https:\/\/zola-cosmetics.com\/pl\/wp-json\/wp\/v2\/product"}],"about":[{"href":"https:\/\/zola-cosmetics.com\/pl\/wp-json\/wp\/v2\/types\/product"}],"version-history":[{"count":1,"href":"https:\/\/zola-cosmetics.com\/pl\/wp-json\/wp\/v2\/product\/6101\/revisions"}],"predecessor-version":[{"id":7961,"href":"https:\/\/zola-cosmetics.com\/pl\/wp-json\/wp\/v2\/product\/6101\/revisions\/7961"}],"wp:featuredmedia":[{"embeddable":true,"href":"https:\/\/zola-cosmetics.com\/pl\/wp-json\/wp\/v2\/media\/4522"}],"wp:attachment":[{"href":"https:\/\/zola-cosmetics.com\/pl\/wp-json\/wp\/v2\/media?parent=6101"}],"wp:term":[{"taxonomy":"brand","embeddable":true,"href":"https:\/\/zola-cosmetics.com\/pl\/wp-json\/wp\/v2\/etheme_brands?post=6101"},{"taxonomy":"product_cat","embeddable":true,"href":"https:\/\/zola-cosmetics.com\/pl\/wp-json\/wp\/v2\/product_cat?post=6101"},{"taxonomy":"product_tag","embeddable":true,"href":"https:\/\/zola-cosmetics.com\/pl\/wp-json\/wp\/v2\/product_tag?post=6101"}],"curies":[{"name":"wp","href":"https:\/\/api.w.org\/{rel}","templated":true}]}}