{"id":6093,"date":"2024-01-09T20:39:00","date_gmt":"2024-01-09T20:39:00","guid":{"rendered":"https:\/\/zola-cosmetics.com\/product\/zola-henna-box-6-pcs-10-gr\/"},"modified":"2025-11-30T19:45:50","modified_gmt":"2025-11-30T19:45:50","slug":"zola-henna-box-6-pcs-10-gr","status":"publish","type":"product","link":"https:\/\/zola-cosmetics.com\/pl\/produkt\/zola-henna-box-6-pcs-10-gr\/","title":{"rendered":"ZOLA Pude\u0142ko z Henn\u0105 6 sztuk, po 10g ka\u017cda"},"content":{"rendered":"<p>ZOLA Henna to profesjonalna henna do brwi przeznaczona do trwa\u0142ego koloryzowania brwi. Zalety henny ZOLA to bogata kolorystyka sk\u0142adaj\u0105ca si\u0119 z 6 g\u0142\u00f3wnych podstawowych kolor\u00f3w i 4 korektor\u00f3w, umo\u017cliwiaj\u0105ca tworzenie unikatowych, niepowtarzalnych odcieni. Formu\u0142a zawiera kompleks piel\u0119gnacyjny z Amla (naturalne \u017ar\u00f3d\u0142o witaminy C), Shikakai i kwasem winowym, kt\u00f3ry wzmacnia i nawil\u017ca w\u0142osy. \u0141atwa w u\u017cyciu, daje przewidywalne rezultaty na ko\u0144cu procedury farbowania brwi. Spos\u00f3b u\u017cycia: Rozcie\u0144cz henn\u0119 z wod\u0105 w stosunku 1:1 do konsystencji sosu sojowego. W zale\u017cno\u015bci od konsystencji, henna b\u0119dzie dawa\u0107 ja\u015bniejsze lub ciemniejsze efekty, im g\u0119stsza konsystencja, tym bardziej intensywny wynik. Zestaw zawiera: 02 jasnobr\u0105zowy &#8211; podstawowy kolor dla mi\u0142o\u015bnik\u00f3w jasnych w\u0142os\u00f3w i lekkiego odcienia na sk\u00f3rze, odpowiedni dla blondynek i jasnych blondynek. 03 taupe brown to jasny br\u0105z z zimnymi tonami, pozostawia jasny \u015blad na sk\u00f3rze. Idealny dla blondynek. 04 caramel to g\u0142\u00f3wny kolor nadaj\u0105cy ciep\u0142y odcie\u0144 sk\u00f3rze i w\u0142osom, odpowiedni dla ciep\u0142ych dziewczyn. 05 br\u0105zowy to bogaty ton na sk\u00f3rze o neutralnym odcieniu, uniwersalny kolor, kt\u00f3ry skutecznie \u0142\u0105czy si\u0119 z ka\u017cdym kolorem w kolekcji. 06 ciemnobr\u0105zowy &#8211; odpowiedni dla ciemnych dziewczyn, kt\u00f3re preferuj\u0105 jasne, wyra\u017ane brwi. 07 ebony brown to najciemniejszy odcie\u0144 w podstawowej kolekcji kolor\u00f3w. Odpowiedni dla jasnych dziewczyn z brunetkami i br\u0105zowymi w\u0142osami. Olejek do brwi Zola odbudowuje struktur\u0119 w\u0142os\u00f3w, dba o sk\u00f3r\u0119 i stymuluje wzrost. Rozmiar: 6X10 g<\/p>\n","protected":false},"excerpt":{"rendered":"<p>ZOLA Henna to profesjonalna henna do brwi przeznaczona do trwa\u0142ego koloryzowania brwi. Zalety henny ZOLA to bogata kolorystyka sk\u0142adaj\u0105ca si\u0119&#8230;<\/p>\n","protected":false},"featured_media":4538,"template":"","meta":[],"etheme_brands":[],"product_cat":[126,133],"product_tag":[197],"aioseo_notices":[],"_links":{"self":[{"href":"https:\/\/zola-cosmetics.com\/pl\/wp-json\/wp\/v2\/product\/6093"}],"collection":[{"href":"https:\/\/zola-cosmetics.com\/pl\/wp-json\/wp\/v2\/product"}],"about":[{"href":"https:\/\/zola-cosmetics.com\/pl\/wp-json\/wp\/v2\/types\/product"}],"version-history":[{"count":1,"href":"https:\/\/zola-cosmetics.com\/pl\/wp-json\/wp\/v2\/product\/6093\/revisions"}],"predecessor-version":[{"id":6172,"href":"https:\/\/zola-cosmetics.com\/pl\/wp-json\/wp\/v2\/product\/6093\/revisions\/6172"}],"wp:featuredmedia":[{"embeddable":true,"href":"https:\/\/zola-cosmetics.com\/pl\/wp-json\/wp\/v2\/media\/4538"}],"wp:attachment":[{"href":"https:\/\/zola-cosmetics.com\/pl\/wp-json\/wp\/v2\/media?parent=6093"}],"wp:term":[{"taxonomy":"brand","embeddable":true,"href":"https:\/\/zola-cosmetics.com\/pl\/wp-json\/wp\/v2\/etheme_brands?post=6093"},{"taxonomy":"product_cat","embeddable":true,"href":"https:\/\/zola-cosmetics.com\/pl\/wp-json\/wp\/v2\/product_cat?post=6093"},{"taxonomy":"product_tag","embeddable":true,"href":"https:\/\/zola-cosmetics.com\/pl\/wp-json\/wp\/v2\/product_tag?post=6093"}],"curies":[{"name":"wp","href":"https:\/\/api.w.org\/{rel}","templated":true}]}}