{"id":6087,"date":"2024-01-09T20:39:00","date_gmt":"2024-01-09T20:39:00","guid":{"rendered":"https:\/\/zola-cosmetics.com\/product\/zola-protective-film-for-eyebrow-lamination\/"},"modified":"2026-03-06T10:24:47","modified_gmt":"2026-03-06T10:24:47","slug":"zola-protective-film-for-eyebrow-lamination","status":"publish","type":"product","link":"https:\/\/zola-cosmetics.com\/pl\/produkt\/zola-protective-film-for-eyebrow-lamination\/","title":{"rendered":"ZOLA Folia ochronna do laminacji brwi"},"content":{"rendered":"<p>ZOLA film &#8211; Do laminowania brwi i rz\u0119s &#8211; Do zabieg\u00f3w w SPA &#8211; Dla artyst\u00f3w permanentnego makija\u017cu &#8211; Do znieczulenia Wygodne pude\u0142ko z ostrzem, szeroko\u015b\u0107 4cm, d\u0142ugo\u015b\u0107 &#8211; 200m. Sk\u0142ad: stretch.<\/p>\n","protected":false},"excerpt":{"rendered":"<p>ZOLA film &#8211; Do laminowania brwi i rz\u0119s &#8211; Do zabieg\u00f3w w SPA &#8211; Dla artyst\u00f3w permanentnego makija\u017cu &#8211; Do&#8230;<\/p>\n","protected":false},"featured_media":4550,"template":"","meta":[],"etheme_brands":[],"product_cat":[94,102],"product_tag":[],"aioseo_notices":[],"_links":{"self":[{"href":"https:\/\/zola-cosmetics.com\/pl\/wp-json\/wp\/v2\/product\/6087"}],"collection":[{"href":"https:\/\/zola-cosmetics.com\/pl\/wp-json\/wp\/v2\/product"}],"about":[{"href":"https:\/\/zola-cosmetics.com\/pl\/wp-json\/wp\/v2\/types\/product"}],"version-history":[{"count":1,"href":"https:\/\/zola-cosmetics.com\/pl\/wp-json\/wp\/v2\/product\/6087\/revisions"}],"predecessor-version":[{"id":6178,"href":"https:\/\/zola-cosmetics.com\/pl\/wp-json\/wp\/v2\/product\/6087\/revisions\/6178"}],"wp:featuredmedia":[{"embeddable":true,"href":"https:\/\/zola-cosmetics.com\/pl\/wp-json\/wp\/v2\/media\/4550"}],"wp:attachment":[{"href":"https:\/\/zola-cosmetics.com\/pl\/wp-json\/wp\/v2\/media?parent=6087"}],"wp:term":[{"taxonomy":"brand","embeddable":true,"href":"https:\/\/zola-cosmetics.com\/pl\/wp-json\/wp\/v2\/etheme_brands?post=6087"},{"taxonomy":"product_cat","embeddable":true,"href":"https:\/\/zola-cosmetics.com\/pl\/wp-json\/wp\/v2\/product_cat?post=6087"},{"taxonomy":"product_tag","embeddable":true,"href":"https:\/\/zola-cosmetics.com\/pl\/wp-json\/wp\/v2\/product_tag?post=6087"}],"curies":[{"name":"wp","href":"https:\/\/api.w.org\/{rel}","templated":true}]}}