{"id":6083,"date":"2024-01-09T20:39:00","date_gmt":"2024-01-09T20:39:00","guid":{"rendered":"https:\/\/zola-cosmetics.com\/product\/zola-brow-exfoliating-peeling-cream-100-ml\/"},"modified":"2025-07-26T08:28:27","modified_gmt":"2025-07-26T08:28:27","slug":"zola-brow-exfoliating-peeling-cream-100-ml","status":"publish","type":"product","link":"https:\/\/zola-cosmetics.com\/pl\/produkt\/zola-brow-exfoliating-peeling-cream-100-ml\/","title":{"rendered":"ZOLA Peeling eksfoliuj\u0105cy do brwi 100 ml"},"content":{"rendered":"<p>ZOLA Brow Exfoliating Peeling Cream zosta\u0142 zaprojektowany do delikatnego z\u0142uszczania keratynizowanej sk\u00f3ry dzi\u0119ki wyci\u0105gowi z wierzby i proszkowi z bambusa. Ekstrakt z cytryny i kwas hialuronowy przywracaj\u0105 blask i elastyczno\u015b\u0107 sk\u00f3ry i w\u0142osk\u00f3w, a witamina B3 aktywuje od\u017cywianie mieszka w\u0142osowego, co przyspiesza wzrost brwi.<\/p>\n","protected":false},"excerpt":{"rendered":"<p>ZOLA Brow Exfoliating Peeling Cream zosta\u0142 zaprojektowany do delikatnego z\u0142uszczania keratynizowanej sk\u00f3ry dzi\u0119ki wyci\u0105gowi z wierzby i proszkowi z bambusa&#8230;.<\/p>\n","protected":false},"featured_media":7840,"template":"","meta":[],"etheme_brands":[],"product_cat":[126,134],"product_tag":[],"aioseo_notices":[],"_links":{"self":[{"href":"https:\/\/zola-cosmetics.com\/pl\/wp-json\/wp\/v2\/product\/6083"}],"collection":[{"href":"https:\/\/zola-cosmetics.com\/pl\/wp-json\/wp\/v2\/product"}],"about":[{"href":"https:\/\/zola-cosmetics.com\/pl\/wp-json\/wp\/v2\/types\/product"}],"version-history":[{"count":1,"href":"https:\/\/zola-cosmetics.com\/pl\/wp-json\/wp\/v2\/product\/6083\/revisions"}],"predecessor-version":[{"id":6182,"href":"https:\/\/zola-cosmetics.com\/pl\/wp-json\/wp\/v2\/product\/6083\/revisions\/6182"}],"wp:featuredmedia":[{"embeddable":true,"href":"https:\/\/zola-cosmetics.com\/pl\/wp-json\/wp\/v2\/media\/7840"}],"wp:attachment":[{"href":"https:\/\/zola-cosmetics.com\/pl\/wp-json\/wp\/v2\/media?parent=6083"}],"wp:term":[{"taxonomy":"brand","embeddable":true,"href":"https:\/\/zola-cosmetics.com\/pl\/wp-json\/wp\/v2\/etheme_brands?post=6083"},{"taxonomy":"product_cat","embeddable":true,"href":"https:\/\/zola-cosmetics.com\/pl\/wp-json\/wp\/v2\/product_cat?post=6083"},{"taxonomy":"product_tag","embeddable":true,"href":"https:\/\/zola-cosmetics.com\/pl\/wp-json\/wp\/v2\/product_tag?post=6083"}],"curies":[{"name":"wp","href":"https:\/\/api.w.org\/{rel}","templated":true}]}}