{"id":6082,"date":"2024-01-09T20:39:00","date_gmt":"2024-01-09T20:39:00","guid":{"rendered":"https:\/\/zola-cosmetics.com\/product\/zola-freeze-brow-tonic-150-ml\/"},"modified":"2025-07-26T08:28:28","modified_gmt":"2025-07-26T08:28:28","slug":"zola-freeze-brow-tonic-150-ml","status":"publish","type":"product","link":"https:\/\/zola-cosmetics.com\/pl\/produkt\/zola-freeze-brow-tonic-150-ml\/","title":{"rendered":"ZOLA Tonik do brwi Freeze 150 ml"},"content":{"rendered":"<p>Doskonale oczyszcza sk\u00f3r\u0119, od\u015bwie\u017ca i ch\u0142odzi obszar poddany zabiegowi. Delikatna formu\u0142a z mentolem \u0142agodzi b\u00f3l podczas korekty brwi i po depilacji woskiem. Ekstrakt z \u017cywokostu i arginina przyspieszaj\u0105 szybsze gojenie i zdrowienie sk\u00f3ry, podczas gdy ekstrakt z krytmum stymuluje produkcj\u0119 specjalnych lipid\u00f3w, kt\u00f3re zag\u0119szczaj\u0105 struktur\u0119 sk\u00f3ry i nie pozwalaj\u0105 jej traci\u0107 wilgoci.<\/p>\n","protected":false},"excerpt":{"rendered":"<p>Doskonale oczyszcza sk\u00f3r\u0119, od\u015bwie\u017ca i ch\u0142odzi obszar poddany zabiegowi. Delikatna formu\u0142a z mentolem \u0142agodzi b\u00f3l podczas korekty brwi i po&#8230;<\/p>\n","protected":false},"featured_media":7793,"template":"","meta":[],"etheme_brands":[],"product_cat":[126,134],"product_tag":[],"aioseo_notices":[],"_links":{"self":[{"href":"https:\/\/zola-cosmetics.com\/pl\/wp-json\/wp\/v2\/product\/6082"}],"collection":[{"href":"https:\/\/zola-cosmetics.com\/pl\/wp-json\/wp\/v2\/product"}],"about":[{"href":"https:\/\/zola-cosmetics.com\/pl\/wp-json\/wp\/v2\/types\/product"}],"version-history":[{"count":1,"href":"https:\/\/zola-cosmetics.com\/pl\/wp-json\/wp\/v2\/product\/6082\/revisions"}],"predecessor-version":[{"id":6183,"href":"https:\/\/zola-cosmetics.com\/pl\/wp-json\/wp\/v2\/product\/6082\/revisions\/6183"}],"wp:featuredmedia":[{"embeddable":true,"href":"https:\/\/zola-cosmetics.com\/pl\/wp-json\/wp\/v2\/media\/7793"}],"wp:attachment":[{"href":"https:\/\/zola-cosmetics.com\/pl\/wp-json\/wp\/v2\/media?parent=6082"}],"wp:term":[{"taxonomy":"brand","embeddable":true,"href":"https:\/\/zola-cosmetics.com\/pl\/wp-json\/wp\/v2\/etheme_brands?post=6082"},{"taxonomy":"product_cat","embeddable":true,"href":"https:\/\/zola-cosmetics.com\/pl\/wp-json\/wp\/v2\/product_cat?post=6082"},{"taxonomy":"product_tag","embeddable":true,"href":"https:\/\/zola-cosmetics.com\/pl\/wp-json\/wp\/v2\/product_tag?post=6082"}],"curies":[{"name":"wp","href":"https:\/\/api.w.org\/{rel}","templated":true}]}}