{"id":6081,"date":"2024-01-09T20:39:00","date_gmt":"2024-01-09T20:39:00","guid":{"rendered":"https:\/\/zola-cosmetics.com\/product\/zola-waxmelter-pink\/"},"modified":"2025-08-12T08:02:37","modified_gmt":"2025-08-12T08:02:37","slug":"zola-waxmelter-pink","status":"publish","type":"product","link":"https:\/\/zola-cosmetics.com\/pl\/produkt\/zola-waxmelter-pink\/","title":{"rendered":"ZOLA Podgrzewacz wosku R\u00f3\u017cowy"},"content":{"rendered":"<p>Wygodny i wszechstronny podgrzewacz do wosku z termostatem, odpowiedni do u\u017cytku profesjonalnego lub domowego. Zosta\u0142 zaprojektowany do podgrzewania wosku w s\u0142oikach, pastylkach, granulkach lub dyskach. Tego rodzaju sprz\u0119t b\u0119dzie \u015bwietnym pomocnikiem dla wszystkich, kt\u00f3rzy pragn\u0105 mie\u0107 g\u0142adk\u0105 sk\u00f3r\u0119 bez niechcianych w\u0142osk\u00f3w.<\/p>\n","protected":false},"excerpt":{"rendered":"<p>Wygodny i wszechstronny podgrzewacz do wosku z termostatem, odpowiedni do u\u017cytku profesjonalnego lub domowego. Zosta\u0142 zaprojektowany do podgrzewania wosku w&#8230;<\/p>\n","protected":false},"featured_media":4564,"template":"","meta":[],"etheme_brands":[],"product_cat":[126,134],"product_tag":[],"aioseo_notices":[],"_links":{"self":[{"href":"https:\/\/zola-cosmetics.com\/pl\/wp-json\/wp\/v2\/product\/6081"}],"collection":[{"href":"https:\/\/zola-cosmetics.com\/pl\/wp-json\/wp\/v2\/product"}],"about":[{"href":"https:\/\/zola-cosmetics.com\/pl\/wp-json\/wp\/v2\/types\/product"}],"version-history":[{"count":1,"href":"https:\/\/zola-cosmetics.com\/pl\/wp-json\/wp\/v2\/product\/6081\/revisions"}],"predecessor-version":[{"id":6184,"href":"https:\/\/zola-cosmetics.com\/pl\/wp-json\/wp\/v2\/product\/6081\/revisions\/6184"}],"wp:featuredmedia":[{"embeddable":true,"href":"https:\/\/zola-cosmetics.com\/pl\/wp-json\/wp\/v2\/media\/4564"}],"wp:attachment":[{"href":"https:\/\/zola-cosmetics.com\/pl\/wp-json\/wp\/v2\/media?parent=6081"}],"wp:term":[{"taxonomy":"brand","embeddable":true,"href":"https:\/\/zola-cosmetics.com\/pl\/wp-json\/wp\/v2\/etheme_brands?post=6081"},{"taxonomy":"product_cat","embeddable":true,"href":"https:\/\/zola-cosmetics.com\/pl\/wp-json\/wp\/v2\/product_cat?post=6081"},{"taxonomy":"product_tag","embeddable":true,"href":"https:\/\/zola-cosmetics.com\/pl\/wp-json\/wp\/v2\/product_tag?post=6081"}],"curies":[{"name":"wp","href":"https:\/\/api.w.org\/{rel}","templated":true}]}}