{"id":6080,"date":"2024-01-09T20:39:00","date_gmt":"2024-01-09T20:39:00","guid":{"rendered":"https:\/\/zola-cosmetics.com\/product\/zola-brow-wax-50-gr\/"},"modified":"2026-01-25T19:57:24","modified_gmt":"2026-01-25T19:57:24","slug":"zola-brow-wax-50-gr","status":"publish","type":"product","link":"https:\/\/zola-cosmetics.com\/pl\/produkt\/zola-brow-wax-50-gr\/","title":{"rendered":"ZOLA Brow Wax 50 gr."},"content":{"rendered":"<p>Wosk do brwi ZOLA to wybawienie dla niesfornych brwi! Produkt szybko wysycha i doskonale utrzymuje si\u0119 przez ca\u0142y dzie\u0144. Za pomoc\u0105 wosku mo\u017cna uzyska\u0107 po\u017c\u0105dany kszta\u0142t, wizualnie zwi\u0119kszy\u0107 g\u0119sto\u015b\u0107 brwi, efekt laminowania brwi.<\/p>\n<p>Nale\u017cy pami\u0119ta\u0107, \u017ce mog\u0105 wyst\u0105pi\u0107 indywidualne reakcje sk\u00f3rne, zw\u0142aszcza na wra\u017cliwej lub uszkodzonej sk\u00f3rze w okolicy brwi.<br \/>\nProdukt nie jest zalecany podczas stosowania retinoid\u00f3w, aktywnych zabieg\u00f3w kwasowych lub po intensywnych peelingach.<br \/>\nPrzed pierwszym u\u017cyciem zaleca si\u0119 wykonanie pr\u00f3by uczuleniowej.<\/p>\n<p>Przechowywanie: Przechowywa\u0107 wosk w ch\u0142odnym miejscu, unika\u0107 \u015bwiat\u0142a s\u0142onecznego.<br \/>\nPojemno\u015b\u0107: 50 g.<\/p>\n<p>Termin wa\u017cno\u015bci: 36 miesi\u0119cy.<\/p>\n","protected":false},"excerpt":{"rendered":"<p>Wosk do brwi ZOLA to wybawienie dla niesfornych brwi! Produkt szybko wysycha i doskonale utrzymuje si\u0119 przez ca\u0142y dzie\u0144. Za&#8230;<\/p>\n","protected":false},"featured_media":8423,"template":"","meta":[],"etheme_brands":[],"product_cat":[126,129],"product_tag":[],"aioseo_notices":[],"_links":{"self":[{"href":"https:\/\/zola-cosmetics.com\/pl\/wp-json\/wp\/v2\/product\/6080"}],"collection":[{"href":"https:\/\/zola-cosmetics.com\/pl\/wp-json\/wp\/v2\/product"}],"about":[{"href":"https:\/\/zola-cosmetics.com\/pl\/wp-json\/wp\/v2\/types\/product"}],"version-history":[{"count":1,"href":"https:\/\/zola-cosmetics.com\/pl\/wp-json\/wp\/v2\/product\/6080\/revisions"}],"predecessor-version":[{"id":8427,"href":"https:\/\/zola-cosmetics.com\/pl\/wp-json\/wp\/v2\/product\/6080\/revisions\/8427"}],"wp:featuredmedia":[{"embeddable":true,"href":"https:\/\/zola-cosmetics.com\/pl\/wp-json\/wp\/v2\/media\/8423"}],"wp:attachment":[{"href":"https:\/\/zola-cosmetics.com\/pl\/wp-json\/wp\/v2\/media?parent=6080"}],"wp:term":[{"taxonomy":"brand","embeddable":true,"href":"https:\/\/zola-cosmetics.com\/pl\/wp-json\/wp\/v2\/etheme_brands?post=6080"},{"taxonomy":"product_cat","embeddable":true,"href":"https:\/\/zola-cosmetics.com\/pl\/wp-json\/wp\/v2\/product_cat?post=6080"},{"taxonomy":"product_tag","embeddable":true,"href":"https:\/\/zola-cosmetics.com\/pl\/wp-json\/wp\/v2\/product_tag?post=6080"}],"curies":[{"name":"wp","href":"https:\/\/api.w.org\/{rel}","templated":true}]}}