{"id":6079,"date":"2024-01-09T20:39:00","date_gmt":"2024-01-09T20:39:00","guid":{"rendered":"https:\/\/zola-cosmetics.com\/product\/zola-eyebrow-scrub-extra-soft-orange-100ml\/"},"modified":"2025-09-18T12:13:19","modified_gmt":"2025-09-18T12:13:19","slug":"zola-eyebrow-scrub-extra-soft-orange-100ml","status":"publish","type":"product","link":"https:\/\/zola-cosmetics.com\/pl\/produkt\/zola-eyebrow-scrub-extra-soft-orange-100ml\/","title":{"rendered":"ZOLA Peeling do brwi Extra Soft Orange 100ml"},"content":{"rendered":"<p>Peeling do brwi ZOLA EXTRA SOFT ORANGE to specjalny produkt do oczyszczania sk\u00f3ry ze stratum corneum oraz nawil\u017cania sk\u00f3ry w okolicy brwi. ZOLA extra soft eyebrow scrub zawiera proszek z bambusa, jest ca\u0142kowicie delikatny i ma intensywny, bogaty pomara\u0144czowy zapach. Peeling delikatnie oczyszcza sk\u00f3r\u0119, a tak\u017ce, dzi\u0119ki kompleksowi olej\u00f3w, nawil\u017ca j\u0105, co prowadzi do bardziej r\u00f3wnomiernego zabarwienia. Produkt zawiera sk\u0142adniki o dzia\u0142aniu przeciwzapalnym, od\u017cywiaj\u0105ce i nawil\u017caj\u0105ce sk\u00f3r\u0119 oraz w\u0142oski, wzmacniaj\u0105ce wzrost w\u0142os\u00f3w i wype\u0142niaj\u0105ce je wilgoci\u0105.<\/p>\n","protected":false},"excerpt":{"rendered":"<p>Peeling do brwi ZOLA EXTRA SOFT ORANGE to specjalny produkt do oczyszczania sk\u00f3ry ze stratum corneum oraz nawil\u017cania sk\u00f3ry w&#8230;<\/p>\n","protected":false},"featured_media":7796,"template":"","meta":[],"etheme_brands":[],"product_cat":[126,134],"product_tag":[197],"aioseo_notices":[],"_links":{"self":[{"href":"https:\/\/zola-cosmetics.com\/pl\/wp-json\/wp\/v2\/product\/6079"}],"collection":[{"href":"https:\/\/zola-cosmetics.com\/pl\/wp-json\/wp\/v2\/product"}],"about":[{"href":"https:\/\/zola-cosmetics.com\/pl\/wp-json\/wp\/v2\/types\/product"}],"version-history":[{"count":1,"href":"https:\/\/zola-cosmetics.com\/pl\/wp-json\/wp\/v2\/product\/6079\/revisions"}],"predecessor-version":[{"id":6186,"href":"https:\/\/zola-cosmetics.com\/pl\/wp-json\/wp\/v2\/product\/6079\/revisions\/6186"}],"wp:featuredmedia":[{"embeddable":true,"href":"https:\/\/zola-cosmetics.com\/pl\/wp-json\/wp\/v2\/media\/7796"}],"wp:attachment":[{"href":"https:\/\/zola-cosmetics.com\/pl\/wp-json\/wp\/v2\/media?parent=6079"}],"wp:term":[{"taxonomy":"brand","embeddable":true,"href":"https:\/\/zola-cosmetics.com\/pl\/wp-json\/wp\/v2\/etheme_brands?post=6079"},{"taxonomy":"product_cat","embeddable":true,"href":"https:\/\/zola-cosmetics.com\/pl\/wp-json\/wp\/v2\/product_cat?post=6079"},{"taxonomy":"product_tag","embeddable":true,"href":"https:\/\/zola-cosmetics.com\/pl\/wp-json\/wp\/v2\/product_tag?post=6079"}],"curies":[{"name":"wp","href":"https:\/\/api.w.org\/{rel}","templated":true}]}}