{"id":6078,"date":"2024-01-09T20:39:00","date_gmt":"2024-01-09T20:39:00","guid":{"rendered":"https:\/\/zola-cosmetics.com\/product\/zola-eyebrow-scrub-soft-vanilla-100ml\/"},"modified":"2025-11-24T13:41:56","modified_gmt":"2025-11-24T13:41:56","slug":"zola-eyebrow-scrub-soft-vanilla-100ml","status":"publish","type":"product","link":"https:\/\/zola-cosmetics.com\/pl\/produkt\/zola-eyebrow-scrub-soft-vanilla-100ml\/","title":{"rendered":"ZOLA Peeling do brwi Soft Vanilla 100ml"},"content":{"rendered":"<p>Peeling do brwi ZOLA SOFT VANILLA to specjalny produkt do oczyszczania sk\u00f3ry z warstwy keratynizowanej i nawil\u017cania okolic brwi. Delikatny peeling do brwi zawiera zmielone pestki moreli, dok\u0142adnie takie same jak w standardowym peelingu ZOLA. Peeling zachwyci Ci\u0119 delikatnym i s\u0142odkim zapachem wanilii. Delikatnie oczyszcza sk\u00f3r\u0119, a dzi\u0119ki kompleksowi olej\u00f3w nawil\u017ca j\u0105, co prowadzi do bardziej r\u00f3wnomiernego zabarwienia. Produkt zawiera sk\u0142adniki o dzia\u0142aniu przeciwzapalnym, od\u017cywiaj\u0105ce i nawil\u017caj\u0105ce sk\u00f3r\u0119 oraz w\u0142oski, wzmacniaj\u0105ce wzrost w\u0142os\u00f3w i wype\u0142niaj\u0105ce je wilgoci\u0105.<\/p>\n","protected":false},"excerpt":{"rendered":"<p>Peeling do brwi ZOLA SOFT VANILLA to specjalny produkt do oczyszczania sk\u00f3ry z warstwy keratynizowanej i nawil\u017cania okolic brwi. Delikatny&#8230;<\/p>\n","protected":false},"featured_media":7801,"template":"","meta":[],"etheme_brands":[],"product_cat":[126,134],"product_tag":[197],"aioseo_notices":[],"_links":{"self":[{"href":"https:\/\/zola-cosmetics.com\/pl\/wp-json\/wp\/v2\/product\/6078"}],"collection":[{"href":"https:\/\/zola-cosmetics.com\/pl\/wp-json\/wp\/v2\/product"}],"about":[{"href":"https:\/\/zola-cosmetics.com\/pl\/wp-json\/wp\/v2\/types\/product"}],"version-history":[{"count":1,"href":"https:\/\/zola-cosmetics.com\/pl\/wp-json\/wp\/v2\/product\/6078\/revisions"}],"predecessor-version":[{"id":6187,"href":"https:\/\/zola-cosmetics.com\/pl\/wp-json\/wp\/v2\/product\/6078\/revisions\/6187"}],"wp:featuredmedia":[{"embeddable":true,"href":"https:\/\/zola-cosmetics.com\/pl\/wp-json\/wp\/v2\/media\/7801"}],"wp:attachment":[{"href":"https:\/\/zola-cosmetics.com\/pl\/wp-json\/wp\/v2\/media?parent=6078"}],"wp:term":[{"taxonomy":"brand","embeddable":true,"href":"https:\/\/zola-cosmetics.com\/pl\/wp-json\/wp\/v2\/etheme_brands?post=6078"},{"taxonomy":"product_cat","embeddable":true,"href":"https:\/\/zola-cosmetics.com\/pl\/wp-json\/wp\/v2\/product_cat?post=6078"},{"taxonomy":"product_tag","embeddable":true,"href":"https:\/\/zola-cosmetics.com\/pl\/wp-json\/wp\/v2\/product_tag?post=6078"}],"curies":[{"name":"wp","href":"https:\/\/api.w.org\/{rel}","templated":true}]}}