{"id":6077,"date":"2024-01-09T20:39:01","date_gmt":"2024-01-09T20:39:01","guid":{"rendered":"https:\/\/zola-cosmetics.com\/product\/zola-pencil-harpener\/"},"modified":"2026-02-12T01:57:55","modified_gmt":"2026-02-12T01:57:55","slug":"zola-pencil-harpener","status":"publish","type":"product","link":"https:\/\/zola-cosmetics.com\/pl\/produkt\/zola-pencil-harpener\/","title":{"rendered":"ZOLA Temper\u00f3wka"},"content":{"rendered":"<p>Profesjonalny temper\u00f3wka do kosmetycznych o\u0142\u00f3wk\u00f3w ZOLA Pencil Sharpener. Zalety produktu: &#8211; Nadaje si\u0119 do: o\u0142\u00f3wk\u00f3w pudrowych, olejowych, woskowych, \u017celowych &#8211; Ostrze wykonane z wysokiej jako\u015bci stali nierdzewnej &#8211; Oryginalny design &#8211; Obudowa wykonana z trwa\u0142ego, wysokiej jako\u015bci, lekkiego, odpornego na zu\u017cycie i nietoksycznego r\u00f3\u017cowego plastiku &#8211; Temper\u00f3wka posiada specjalny zbiornik, w kt\u00f3rym przechowywane s\u0105 zu\u017cyte wi\u00f3ry.<\/p>\n","protected":false},"excerpt":{"rendered":"<p>Profesjonalny temper\u00f3wka do kosmetycznych o\u0142\u00f3wk\u00f3w ZOLA Pencil Sharpener. Zalety produktu: &#8211; Nadaje si\u0119 do: o\u0142\u00f3wk\u00f3w pudrowych, olejowych, woskowych, \u017celowych &#8211;&#8230;<\/p>\n","protected":false},"featured_media":4572,"template":"","meta":[],"etheme_brands":[],"product_cat":[91,182,112],"product_tag":[],"aioseo_notices":[],"_links":{"self":[{"href":"https:\/\/zola-cosmetics.com\/pl\/wp-json\/wp\/v2\/product\/6077"}],"collection":[{"href":"https:\/\/zola-cosmetics.com\/pl\/wp-json\/wp\/v2\/product"}],"about":[{"href":"https:\/\/zola-cosmetics.com\/pl\/wp-json\/wp\/v2\/types\/product"}],"version-history":[{"count":1,"href":"https:\/\/zola-cosmetics.com\/pl\/wp-json\/wp\/v2\/product\/6077\/revisions"}],"predecessor-version":[{"id":6188,"href":"https:\/\/zola-cosmetics.com\/pl\/wp-json\/wp\/v2\/product\/6077\/revisions\/6188"}],"wp:featuredmedia":[{"embeddable":true,"href":"https:\/\/zola-cosmetics.com\/pl\/wp-json\/wp\/v2\/media\/4572"}],"wp:attachment":[{"href":"https:\/\/zola-cosmetics.com\/pl\/wp-json\/wp\/v2\/media?parent=6077"}],"wp:term":[{"taxonomy":"brand","embeddable":true,"href":"https:\/\/zola-cosmetics.com\/pl\/wp-json\/wp\/v2\/etheme_brands?post=6077"},{"taxonomy":"product_cat","embeddable":true,"href":"https:\/\/zola-cosmetics.com\/pl\/wp-json\/wp\/v2\/product_cat?post=6077"},{"taxonomy":"product_tag","embeddable":true,"href":"https:\/\/zola-cosmetics.com\/pl\/wp-json\/wp\/v2\/product_tag?post=6077"}],"curies":[{"name":"wp","href":"https:\/\/api.w.org\/{rel}","templated":true}]}}