{"id":6075,"date":"2024-01-09T20:39:01","date_gmt":"2024-01-09T20:39:01","guid":{"rendered":"https:\/\/zola-cosmetics.com\/product\/zola-browlash-lamination-system\/"},"modified":"2025-07-29T09:37:45","modified_gmt":"2025-07-29T09:37:45","slug":"zola-browlash-lamination-system","status":"publish","type":"product","link":"https:\/\/zola-cosmetics.com\/pl\/produkt\/zola-browlash-lamination-system\/","title":{"rendered":"ZOLA System Laminacji Brwi i Rz\u0119s"},"content":{"rendered":"<p>System laminacji brwi i rz\u0119s ZOLA Brow&#038;Lash sk\u0142ada si\u0119 z trzech etap\u00f3w: Krok 1 \u017bel liftinguj\u0105cy, Krok 2 Utwardzacz obj\u0119to\u015bci, Krok 3 Serum keratynowe.<\/p>\n","protected":false},"excerpt":{"rendered":"<p>System laminacji brwi i rz\u0119s ZOLA Brow&#038;Lash sk\u0142ada si\u0119 z trzech etap\u00f3w: Krok 1 \u017bel liftinguj\u0105cy, Krok 2 Utwardzacz obj\u0119to\u015bci,&#8230;<\/p>\n","protected":false},"featured_media":6897,"template":"","meta":[],"etheme_brands":[],"product_cat":[126],"product_tag":[197],"aioseo_notices":[],"_links":{"self":[{"href":"https:\/\/zola-cosmetics.com\/pl\/wp-json\/wp\/v2\/product\/6075"}],"collection":[{"href":"https:\/\/zola-cosmetics.com\/pl\/wp-json\/wp\/v2\/product"}],"about":[{"href":"https:\/\/zola-cosmetics.com\/pl\/wp-json\/wp\/v2\/types\/product"}],"version-history":[{"count":1,"href":"https:\/\/zola-cosmetics.com\/pl\/wp-json\/wp\/v2\/product\/6075\/revisions"}],"predecessor-version":[{"id":6190,"href":"https:\/\/zola-cosmetics.com\/pl\/wp-json\/wp\/v2\/product\/6075\/revisions\/6190"}],"wp:featuredmedia":[{"embeddable":true,"href":"https:\/\/zola-cosmetics.com\/pl\/wp-json\/wp\/v2\/media\/6897"}],"wp:attachment":[{"href":"https:\/\/zola-cosmetics.com\/pl\/wp-json\/wp\/v2\/media?parent=6075"}],"wp:term":[{"taxonomy":"brand","embeddable":true,"href":"https:\/\/zola-cosmetics.com\/pl\/wp-json\/wp\/v2\/etheme_brands?post=6075"},{"taxonomy":"product_cat","embeddable":true,"href":"https:\/\/zola-cosmetics.com\/pl\/wp-json\/wp\/v2\/product_cat?post=6075"},{"taxonomy":"product_tag","embeddable":true,"href":"https:\/\/zola-cosmetics.com\/pl\/wp-json\/wp\/v2\/product_tag?post=6075"}],"curies":[{"name":"wp","href":"https:\/\/api.w.org\/{rel}","templated":true}]}}