{"id":6073,"date":"2024-01-09T20:39:01","date_gmt":"2024-01-09T20:39:01","guid":{"rendered":"https:\/\/zola-cosmetics.com\/product\/zola-brow-wax-15-gr\/"},"modified":"2026-04-14T20:23:18","modified_gmt":"2026-04-14T20:23:18","slug":"zola-brow-wax-15-gr","status":"publish","type":"product","link":"https:\/\/zola-cosmetics.com\/pl\/produkt\/zola-brow-wax-15-gr\/","title":{"rendered":"ZOLA Brow Wax 15 gr."},"content":{"rendered":"<p>Wosk do brwi ZOLA to wymarzony produkt dla niesfornych brwi! Produkt szybko wysycha i utrzymuje si\u0119 idealnie przez ca\u0142y dzie\u0144. Za pomoc\u0105 wosku mo\u017cna uzyska\u0107 po\u017c\u0105dany kszta\u0142t, optycznie zwi\u0119kszy\u0107 g\u0119sto\u015b\u0107 brwi oraz uzyska\u0107 efekt laminowania brwi.  <\/p>\n<p>Nale\u017cy pami\u0119ta\u0107, \u017ce mog\u0105 wyst\u0105pi\u0107 indywidualne reakcje sk\u00f3rne, zw\u0142aszcza na wra\u017cliwej lub uszkodzonej sk\u00f3rze w okolicy brwi.<br \/>\nProdukt nie jest zalecany podczas stosowania retinoid\u00f3w, aktywnych zabieg\u00f3w kwasowych lub po intensywnych peelingach.<br \/>\nPrzed pierwszym u\u017cyciem zaleca si\u0119 wykonanie pr\u00f3by uczuleniowej.<\/p>\n<p>Przechowywanie: Wosk nale\u017cy przechowywa\u0107 w ch\u0142odnym miejscu, chroni\u0107 przed \u015bwiat\u0142em s\u0142onecznym.<br \/>\nPojemno\u015b\u0107: 15 g.<\/p>\n<p>Termin wa\u017cno\u015bci: 36 miesi\u0119cy.<\/p>\n","protected":false},"excerpt":{"rendered":"<p>Wosk do brwi ZOLA to wymarzony produkt dla niesfornych brwi! Produkt szybko wysycha i utrzymuje si\u0119 idealnie przez ca\u0142y dzie\u0144&#8230;.<\/p>\n","protected":false},"featured_media":8412,"template":"","meta":[],"etheme_brands":[],"product_cat":[126,129],"product_tag":[],"aioseo_notices":[],"_links":{"self":[{"href":"https:\/\/zola-cosmetics.com\/pl\/wp-json\/wp\/v2\/product\/6073"}],"collection":[{"href":"https:\/\/zola-cosmetics.com\/pl\/wp-json\/wp\/v2\/product"}],"about":[{"href":"https:\/\/zola-cosmetics.com\/pl\/wp-json\/wp\/v2\/types\/product"}],"version-history":[{"count":1,"href":"https:\/\/zola-cosmetics.com\/pl\/wp-json\/wp\/v2\/product\/6073\/revisions"}],"predecessor-version":[{"id":8415,"href":"https:\/\/zola-cosmetics.com\/pl\/wp-json\/wp\/v2\/product\/6073\/revisions\/8415"}],"wp:featuredmedia":[{"embeddable":true,"href":"https:\/\/zola-cosmetics.com\/pl\/wp-json\/wp\/v2\/media\/8412"}],"wp:attachment":[{"href":"https:\/\/zola-cosmetics.com\/pl\/wp-json\/wp\/v2\/media?parent=6073"}],"wp:term":[{"taxonomy":"brand","embeddable":true,"href":"https:\/\/zola-cosmetics.com\/pl\/wp-json\/wp\/v2\/etheme_brands?post=6073"},{"taxonomy":"product_cat","embeddable":true,"href":"https:\/\/zola-cosmetics.com\/pl\/wp-json\/wp\/v2\/product_cat?post=6073"},{"taxonomy":"product_tag","embeddable":true,"href":"https:\/\/zola-cosmetics.com\/pl\/wp-json\/wp\/v2\/product_tag?post=6073"}],"curies":[{"name":"wp","href":"https:\/\/api.w.org\/{rel}","templated":true}]}}