{"id":6065,"date":"2024-01-09T20:39:02","date_gmt":"2024-01-09T20:39:02","guid":{"rendered":"https:\/\/zola-cosmetics.com\/product\/zola-waxing-oil-150ml\/"},"modified":"2026-03-03T14:05:31","modified_gmt":"2026-03-03T14:05:31","slug":"zola-waxing-oil-150ml","status":"publish","type":"product","link":"https:\/\/zola-cosmetics.com\/pl\/produkt\/zola-waxing-oil-150ml\/","title":{"rendered":"ZOLA Olejek do depilacji 150ml"},"content":{"rendered":"<p>Stosuj olej po zabiegu depilacji oraz do usuwania pozosta\u0142o\u015bci wosku ze sk\u00f3ry. Sk\u0142ad tego oleju zawiera olej macadamia, kt\u00f3ry skutecznie chroni sk\u00f3r\u0119 przed podra\u017cnieniem, posiada w\u0142a\u015bciwo\u015bci nawil\u017caj\u0105ce, a pantenol przyspiesza procesy regeneracji i wzmacnia funkcje ochronne sk\u00f3ry.<\/p>\n","protected":false},"excerpt":{"rendered":"<p>Stosuj olej po zabiegu depilacji oraz do usuwania pozosta\u0142o\u015bci wosku ze sk\u00f3ry. Sk\u0142ad tego oleju zawiera olej macadamia, kt\u00f3ry skutecznie&#8230;<\/p>\n","protected":false},"featured_media":7785,"template":"","meta":[],"etheme_brands":[],"product_cat":[126,134],"product_tag":[197],"aioseo_notices":[],"_links":{"self":[{"href":"https:\/\/zola-cosmetics.com\/pl\/wp-json\/wp\/v2\/product\/6065"}],"collection":[{"href":"https:\/\/zola-cosmetics.com\/pl\/wp-json\/wp\/v2\/product"}],"about":[{"href":"https:\/\/zola-cosmetics.com\/pl\/wp-json\/wp\/v2\/types\/product"}],"version-history":[{"count":1,"href":"https:\/\/zola-cosmetics.com\/pl\/wp-json\/wp\/v2\/product\/6065\/revisions"}],"predecessor-version":[{"id":6200,"href":"https:\/\/zola-cosmetics.com\/pl\/wp-json\/wp\/v2\/product\/6065\/revisions\/6200"}],"wp:featuredmedia":[{"embeddable":true,"href":"https:\/\/zola-cosmetics.com\/pl\/wp-json\/wp\/v2\/media\/7785"}],"wp:attachment":[{"href":"https:\/\/zola-cosmetics.com\/pl\/wp-json\/wp\/v2\/media?parent=6065"}],"wp:term":[{"taxonomy":"brand","embeddable":true,"href":"https:\/\/zola-cosmetics.com\/pl\/wp-json\/wp\/v2\/etheme_brands?post=6065"},{"taxonomy":"product_cat","embeddable":true,"href":"https:\/\/zola-cosmetics.com\/pl\/wp-json\/wp\/v2\/product_cat?post=6065"},{"taxonomy":"product_tag","embeddable":true,"href":"https:\/\/zola-cosmetics.com\/pl\/wp-json\/wp\/v2\/product_tag?post=6065"}],"curies":[{"name":"wp","href":"https:\/\/api.w.org\/{rel}","templated":true}]}}